{"id":2461,"date":"2014-06-30T08:27:20","date_gmt":"2014-06-30T08:27:20","guid":{"rendered":"https:\/\/enikon.com\/?page_id=2461"},"modified":"2022-11-22T10:41:26","modified_gmt":"2022-11-22T10:41:26","slug":"exploitation-miniere","status":"publish","type":"page","link":"https:\/\/enikon.com\/fr\/domaines-dactivites\/exploitation-miniere\/","title":{"rendered":"Exploitation mini\u00e8re"},"content":{"rendered":"<h1>Exploitation mini\u00e8re<\/h1>\n<hr>\n<div>Enikon poss\u00e8de une grande exp\u00e9rience des projets, fabrication, installation et mise en service d\u2019unit\u00e9s mini\u00e8res. Nos clients reconnaissent notre qualit\u00e9 et nous ont fait confiance pour les projets les plus complexes dans les environnements les plus exigeants. Nous collaborons en priorit\u00e9 avec les entreprises EPCM leaders du march\u00e9 comme Lycopodium Engineering, Ausenco, Bechtel ou SNC Lavalin. Les utilisateurs finaux des mines sont les leaders du domaine comme par exemple Barrick Gold, Endeavour Mining, Nord Gold, Resolute Mining, Arcelor Mittal ou Alcoa.<\/div>\n<p><img decoding=\"async\" src=\"\/wp-content\/uploads\/2014\/06\/procesna_postrojenja_rudarstvo.jpg\" alt=\"\"><\/p>\n<ul>\n<li>\n<p>        <img decoding=\"async\" src=\"\/wp-content\/uploads\/2014\/06\/lumwana_copper_mine_3_index.jpg\" alt=\"\"><\/p>\n<\/li>\n<li>\n<p>        <img decoding=\"async\" src=\"\/wp-content\/uploads\/2014\/09\/prosirenje_rudnika_bakra_lumwana_zambija_1.jpg\" alt=\"\"><\/p>\n<\/li>\n<li>\n<p>        <img decoding=\"async\" src=\"\/wp-content\/uploads\/2014\/06\/alcoa_fjardaal_smelter_iceland_1.jpeg\" alt=\"\"><\/p>\n<\/li>\n<li>\n<p>        <img decoding=\"async\" src=\"\/wp-content\/uploads\/2014\/06\/alcoa_mosjoen_carbon_plant_project_norway_3.jpeg\" alt=\"\"><\/p>\n<\/li>\n<li>\n<p>        <img decoding=\"async\" src=\"\/wp-content\/uploads\/2014\/09\/projekt_izgradnje_rudnika_zlata_agbaou_obala_bjelokosti_1.jpg\" alt=\"\"><\/p>\n<\/li>\n<li>\n<p>        <img decoding=\"async\" src=\"\/wp-content\/uploads\/2014\/09\/projekt_izgradnje_rudnika_zlata_bissa_burkina_faso_4.jpg\" alt=\"\"><\/p>\n<\/li>\n<\/ul>\n<h3>Nos utilisateurs finaux des usines de transformation dans le secteur minier<\/h3>\n<ul>\n<li>\n<p>        <img decoding=\"async\" src=\"\/wp-content\/uploads\/2014\/06\/barrick_gold.jpg\" alt=\"\"><\/p>\n<h3>Barrick<\/h3>\n<\/li>\n<li>\n<p>        <img decoding=\"async\" src=\"\/wp-content\/uploads\/2014\/06\/Endeavour_Mining.jpg\" alt=\"\"><\/p>\n<h3>Endeavour_Mining<\/h3>\n<\/li>\n<li>\n<p>        <img decoding=\"async\" src=\"\/wp-content\/uploads\/2014\/06\/HRG_nordgold.jpg\" alt=\"\"><\/p>\n<h3>HRG_nordgold<\/h3>\n<\/li>\n<li>\n<p>        <img decoding=\"async\" src=\"\/wp-content\/uploads\/2014\/06\/lycopodium.jpg\" alt=\"\"><\/p>\n<h3>lycopodium<\/h3>\n<\/li>\n<li>\n<p>        <img decoding=\"async\" src=\"\/wp-content\/uploads\/2014\/06\/ausenco.jpg\" alt=\"\"><\/p>\n<h3>ausenco<\/h3>\n<\/li>\n<li>\n<p>        <img decoding=\"async\" src=\"\/wp-content\/uploads\/2014\/06\/bechtel.jpg\" alt=\"\"><\/p>\n<h3>bechtel<\/h3>\n<\/li>\n<li>\n<p>        <img decoding=\"async\" src=\"\/wp-content\/uploads\/2014\/06\/snc_lavalin.jpg\" alt=\"\"><\/p>\n<h3>snc_lavalin<\/h3>\n<\/li>\n<li>\n<p>        <img decoding=\"async\" src=\"\/wp-content\/uploads\/2014\/06\/resolute_mining_limited.jpg\" alt=\"\"><\/p>\n<h3>resolute_mining_limited<\/h3>\n<\/li>\n<li>\n<p>        <img decoding=\"async\" src=\"\/wp-content\/uploads\/2014\/06\/arcelor_mittal.jpg\" alt=\"\"><\/p>\n<h3>arcelor_mittal<\/h3>\n<\/li>\n<li>\n<p>        <img decoding=\"async\" src=\"\/wp-content\/uploads\/2014\/06\/alcoa.jpg\" alt=\"\"><\/p>\n<h3>alcoa<\/h3>\n<\/li>\n<\/ul>\n<p><!--more--><br \/>\n<!-- {\"type\":\"layout\",\"children\":[{\"type\":\"section\",\"props\":{\"image\":\"wp-content\\\/uploads\\\/2014\\\/07\\\/page_header_bg.jpg\",\"image_position\":\"center-center\",\"image_size\":\"cover\",\"padding_remove_bottom\":false,\"style\":\"default\",\"title_breakpoint\":\"xl\",\"title_position\":\"top-left\",\"title_rotation\":\"left\",\"vertical_align\":\"middle\",\"width\":\"\"},\"children\":[{\"type\":\"row\",\"children\":[{\"type\":\"column\",\"props\":{\"image_position\":\"center-center\",\"media_overlay_gradient\":\"\",\"position_sticky_breakpoint\":\"m\"},\"children\":[{\"type\":\"fragment\",\"children\":[{\"type\":\"row\",\"props\":{\"layout\":\"2-3,1-3\",\"width\":\"default\"},\"children\":[{\"type\":\"column\",\"props\":{\"image_position\":\"center-center\",\"media_overlay_gradient\":\"\",\"position_sticky_breakpoint\":\"m\",\"width_medium\":\"2-3\"},\"children\":[{\"type\":\"breadcrumbs\",\"props\":{\"css\":\".el-element{\\n    padding-left:10px;\\n    padding-top:2px;\\n    padding-bottom:2px;\\n    padding-right:10px;\\n    display: inline-block;\\n    background-color:rgb(36, 36, 39);\\n    vertical-align:middle;\\n    margin-top:15px;\\n}\\n.el-element ul li a{\\n    color:white;\\n}\",\"show_current\":true,\"show_home\":true}}]},{\"type\":\"column\",\"props\":{\"image_position\":\"center-center\",\"media_overlay_gradient\":\"\",\"position_sticky_breakpoint\":\"m\",\"width_medium\":\"1-3\"},\"children\":[{\"type\":\"headline\",\"props\":{\"css\":\".el-element{\\n    color:white;\\n    font-weight:700;\\n}\",\"title_element\":\"h1\"},\"source\":{\"query\":{\"name\":\"pages.singlePage\"},\"props\":{\"content\":{\"filters\":{\"search\":\"\"},\"name\":\"title\"}}}}]}]}]}]}]}],\"name\":\"Breadcrumbs\"},{\"type\":\"section\",\"props\":{\"image_position\":\"center-center\",\"style\":\"default\",\"title_breakpoint\":\"xl\",\"title_position\":\"top-left\",\"title_rotation\":\"left\",\"vertical_align\":\"middle\",\"width\":\"default\"},\"children\":[{\"type\":\"row\",\"children\":[{\"type\":\"column\",\"props\":{\"image_position\":\"center-center\",\"media_overlay_gradient\":\"\",\"position_sticky_breakpoint\":\"m\"},\"children\":[{\"type\":\"headline\",\"props\":{\"content\":\"Exploitation mini\\u00e8re\",\"title_element\":\"h1\"}},{\"type\":\"divider\",\"props\":{\"divider_element\":\"hr\"}}]}]},{\"type\":\"row\",\"props\":{\"layout\":\"3-4,1-4\"},\"children\":[{\"type\":\"column\",\"props\":{\"image_position\":\"center-center\",\"media_overlay_gradient\":\"\",\"position_sticky_breakpoint\":\"m\",\"width_medium\":\"3-4\"},\"children\":[{\"type\":\"text\",\"props\":{\"column_breakpoint\":\"m\",\"content\":\"Enikon poss\\u00e8de une grande exp\\u00e9rience des projets, fabrication, installation et mise en service d\\u2019unit\\u00e9s mini\\u00e8res. Nos clients reconnaissent notre qualit\\u00e9 et nous ont fait confiance pour les projets les plus complexes dans les environnements les plus exigeants. Nous collaborons en priorit\\u00e9 avec les entreprises EPCM leaders du march\\u00e9 comme Lycopodium Engineering, Ausenco, Bechtel ou SNC Lavalin. Les utilisateurs finaux des mines sont les leaders du domaine comme par exemple Barrick Gold, Endeavour Mining, Nord Gold, Resolute Mining, Arcelor Mittal ou Alcoa.\",\"margin\":\"default\"}}]},{\"type\":\"column\",\"props\":{\"image_position\":\"center-center\",\"media_overlay_gradient\":\"\",\"position_sticky_breakpoint\":\"m\",\"width_medium\":\"1-4\"},\"children\":[{\"type\":\"image\",\"props\":{\"image\":\"wp-content\\\/uploads\\\/2014\\\/06\\\/procesna_postrojenja_rudarstvo.jpg\",\"image_svg_color\":\"emphasis\",\"margin\":\"default\"}}]}]},{\"type\":\"row\",\"children\":[{\"type\":\"column\",\"props\":{\"image_position\":\"center-center\",\"media_overlay_gradient\":\"\",\"position_sticky_breakpoint\":\"m\"},\"children\":[{\"type\":\"gallery\",\"props\":{\"filter_align\":\"left\",\"filter_all\":true,\"filter_grid_breakpoint\":\"m\",\"filter_grid_width\":\"auto\",\"filter_position\":\"top\",\"filter_style\":\"tab\",\"grid_default\":\"1\",\"grid_medium\":\"6\",\"image_min_height\":\"120\",\"image_orientation\":false,\"item_animation\":true,\"lightbox\":true,\"link_style\":\"default\",\"link_text\":\"\",\"margin\":\"default\",\"meta_align\":\"below-title\",\"meta_element\":\"div\",\"meta_style\":\"text-meta\",\"overlay_hover\":true,\"overlay_link\":true,\"overlay_mode\":\"cover\",\"overlay_position\":\"center\",\"overlay_style\":\"overlay-primary\",\"overlay_transition\":\"fade\",\"show_content\":true,\"show_hover_image\":true,\"show_link\":true,\"show_meta\":true,\"show_title\":true,\"text_align\":\"center\",\"text_color\":\"light\",\"title_element\":\"h3\",\"title_hover_style\":\"reset\"},\"children\":[{\"type\":\"gallery_item\",\"props\":{\"image\":\"wp-content\\\/uploads\\\/2014\\\/06\\\/lumwana_copper_mine_3_index.jpg\",\"title\":\"\"}},{\"type\":\"gallery_item\",\"props\":{\"image\":\"wp-content\\\/uploads\\\/2014\\\/09\\\/prosirenje_rudnika_bakra_lumwana_zambija_1.jpg\",\"title\":\"\"}},{\"type\":\"gallery_item\",\"props\":{\"image\":\"wp-content\\\/uploads\\\/2014\\\/06\\\/alcoa_fjardaal_smelter_iceland_1.jpeg\",\"title\":\"\"}},{\"type\":\"gallery_item\",\"props\":{\"image\":\"wp-content\\\/uploads\\\/2014\\\/06\\\/alcoa_mosjoen_carbon_plant_project_norway_3.jpeg\",\"title\":\"\"}},{\"type\":\"gallery_item\",\"props\":{\"image\":\"wp-content\\\/uploads\\\/2014\\\/09\\\/projekt_izgradnje_rudnika_zlata_agbaou_obala_bjelokosti_1.jpg\",\"title\":\"\"}},{\"type\":\"gallery_item\",\"props\":{\"image\":\"wp-content\\\/uploads\\\/2014\\\/09\\\/projekt_izgradnje_rudnika_zlata_bissa_burkina_faso_4.jpg\",\"title\":\"\"}}]}]}]}]},{\"type\":\"section\",\"props\":{\"image_position\":\"center-center\",\"style\":\"muted\",\"title_breakpoint\":\"xl\",\"title_position\":\"top-left\",\"title_rotation\":\"left\",\"vertical_align\":\"middle\",\"width\":\"default\"},\"children\":[{\"type\":\"row\",\"props\":{\"layout\":\"1-5,4-5\"},\"children\":[{\"type\":\"column\",\"props\":{\"image_position\":\"center-center\",\"media_overlay_gradient\":\"\",\"position_sticky_breakpoint\":\"m\",\"width_medium\":\"1-5\"},\"children\":[{\"type\":\"headline\",\"props\":{\"content\":\"Nos utilisateurs finaux des usines de transformation dans le secteur minier\",\"title_element\":\"h3\",\"title_style\":\"text-large\"}}]},{\"type\":\"column\",\"props\":{\"image_position\":\"center-center\",\"media_overlay_gradient\":\"\",\"position_sticky_breakpoint\":\"m\",\"width_medium\":\"4-5\"},\"children\":[{\"type\":\"panel-slider\",\"props\":{\"content_column_breakpoint\":\"m\",\"icon_width\":80,\"image_align\":\"top\",\"image_grid_breakpoint\":\"m\",\"image_grid_width\":\"auto\",\"image_margin\":\"remove\",\"image_svg_color\":\"emphasis\",\"image_vertical_align\":true,\"link_style\":\"\",\"link_text\":\"\",\"margin\":\"default\",\"meta_align\":\"below-title\",\"meta_element\":\"div\",\"meta_style\":\"text-meta\",\"nav\":\"dotnav\",\"nav_align\":\"center\",\"nav_breakpoint\":\"s\",\"panel_card_match\":true,\"panel_card_offset\":false,\"panel_image_no_padding\":false,\"panel_padding\":\"small\",\"panel_style\":\"card-default\",\"show_content\":false,\"show_image\":true,\"show_link\":true,\"show_meta\":false,\"show_title\":false,\"slidenav\":\"outside\",\"slidenav_breakpoint\":\"xl\",\"slidenav_margin\":\"medium\",\"slidenav_outside_breakpoint\":\"xl\",\"slider_autoplay_pause\":true,\"slider_gap\":\"default\",\"slider_width\":\"fixed\",\"slider_width_default\":\"1-1\",\"slider_width_medium\":\"1-4\",\"title_align\":\"top\",\"title_element\":\"h3\",\"title_grid_breakpoint\":\"m\",\"title_grid_width\":\"1-2\",\"title_hover_style\":\"reset\"},\"children\":[{\"type\":\"panel-slider_item\",\"props\":{\"image\":\"wp-content\\\/uploads\\\/2014\\\/06\\\/barrick_gold.jpg\",\"title\":\"Barrick\"}},{\"type\":\"panel-slider_item\",\"props\":{\"image\":\"wp-content\\\/uploads\\\/2014\\\/06\\\/Endeavour_Mining.jpg\",\"title\":\"Endeavour_Mining\"}},{\"type\":\"panel-slider_item\",\"props\":{\"image\":\"wp-content\\\/uploads\\\/2014\\\/06\\\/HRG_nordgold.jpg\",\"title\":\"HRG_nordgold\"}},{\"type\":\"panel-slider_item\",\"props\":{\"image\":\"wp-content\\\/uploads\\\/2014\\\/06\\\/lycopodium.jpg\",\"title\":\"lycopodium\"}},{\"type\":\"panel-slider_item\",\"props\":{\"image\":\"wp-content\\\/uploads\\\/2014\\\/06\\\/ausenco.jpg\",\"title\":\"ausenco\"}},{\"type\":\"panel-slider_item\",\"props\":{\"image\":\"wp-content\\\/uploads\\\/2014\\\/06\\\/bechtel.jpg\",\"title\":\"bechtel\"}},{\"type\":\"panel-slider_item\",\"props\":{\"image\":\"wp-content\\\/uploads\\\/2014\\\/06\\\/snc_lavalin.jpg\",\"title\":\"snc_lavalin\"}},{\"type\":\"panel-slider_item\",\"props\":{\"image\":\"wp-content\\\/uploads\\\/2014\\\/06\\\/resolute_mining_limited.jpg\",\"title\":\"resolute_mining_limited\"}},{\"type\":\"panel-slider_item\",\"props\":{\"image\":\"wp-content\\\/uploads\\\/2014\\\/06\\\/arcelor_mittal.jpg\",\"title\":\"arcelor_mittal\"}},{\"type\":\"panel-slider_item\",\"props\":{\"image\":\"wp-content\\\/uploads\\\/2014\\\/06\\\/alcoa.jpg\",\"title\":\"alcoa\"}}]}]}]}],\"name\":\"temp\"}],\"version\":\"3.0.12\"} --><\/p>\n","protected":false},"excerpt":{"rendered":"<p>Exploitation mini\u00e8re Enikon poss\u00e8de une grande exp\u00e9rience des projets, fabrication, installation et mise en service d\u2019unit\u00e9s mini\u00e8res. Nos clients reconnaissent notre qualit\u00e9 et nous ont fait confiance pour les projets les plus complexes dans les environnements les plus exigeants. Nous collaborons en priorit\u00e9 avec les entreprises EPCM leaders du march\u00e9 comme Lycopodium Engineering, Ausenco, Bechtel [&hellip;]<\/p>\n","protected":false},"author":1,"featured_media":0,"parent":2436,"menu_order":1,"comment_status":"closed","ping_status":"closed","template":"","meta":{"footnotes":""},"class_list":["post-2461","page","type-page","status-publish","hentry"],"_links":{"self":[{"href":"https:\/\/enikon.com\/fr\/wp-json\/wp\/v2\/pages\/2461","targetHints":{"allow":["GET"]}}],"collection":[{"href":"https:\/\/enikon.com\/fr\/wp-json\/wp\/v2\/pages"}],"about":[{"href":"https:\/\/enikon.com\/fr\/wp-json\/wp\/v2\/types\/page"}],"author":[{"embeddable":true,"href":"https:\/\/enikon.com\/fr\/wp-json\/wp\/v2\/users\/1"}],"replies":[{"embeddable":true,"href":"https:\/\/enikon.com\/fr\/wp-json\/wp\/v2\/comments?post=2461"}],"version-history":[{"count":2,"href":"https:\/\/enikon.com\/fr\/wp-json\/wp\/v2\/pages\/2461\/revisions"}],"predecessor-version":[{"id":6534,"href":"https:\/\/enikon.com\/fr\/wp-json\/wp\/v2\/pages\/2461\/revisions\/6534"}],"up":[{"embeddable":true,"href":"https:\/\/enikon.com\/fr\/wp-json\/wp\/v2\/pages\/2436"}],"wp:attachment":[{"href":"https:\/\/enikon.com\/fr\/wp-json\/wp\/v2\/media?parent=2461"}],"curies":[{"name":"wp","href":"https:\/\/api.w.org\/{rel}","templated":true}]}}