{"id":2458,"date":"2014-06-30T08:16:17","date_gmt":"2014-06-30T08:16:17","guid":{"rendered":"https:\/\/enikon.com\/?page_id=2458"},"modified":"2022-11-29T10:00:12","modified_gmt":"2022-11-29T10:00:12","slug":"raffineries-et-industries-petrochimiques","status":"publish","type":"page","link":"https:\/\/enikon.com\/fr\/domaines-dactivites\/raffineries-et-industries-petrochimiques\/","title":{"rendered":"Raffineries et industries p\u00e9trochimiques"},"content":{"rendered":"<h1>Raffineries et industries p\u00e9trochimiques<\/h1>\n<hr>\n<div>Enikon con\u00e7oit, fabrique, monte et met en service des unit\u00e9s auxiliaires pour les raffineries lieux de stockage, r\u00e9servoirs, r\u00e9cipients \u00e0 pression, \u00e9changeurs thermiques,\u2026) Enikon effectue de fa\u00e7on ind\u00e9pendante tous les travaux relatifs aux \u00e9quipements technologiques principaux. En collaboration avec nos partenaires et fournisseurs permanents, nous effectuons des t\u00e2ches complexes dans le syst\u00e8me \u00ab\u00a0cl\u00e9 en main\u00a0\u00bb. Nos principaux partenaires dans le domaine sont BP, Oryx Energy, Total, Air Liquide, Messer JANAF, INA, OTF, Petrokemija, Galil Engineering et bien d\u2019autres encore.<\/div>\n<p><img decoding=\"async\" src=\"\/wp-content\/uploads\/2014\/06\/rafinerijska_petrokemijska_postrojenja1.jpg\" alt=\"\"><\/p>\n<ul>\n<li>\n<p>        <img decoding=\"async\" src=\"\/wp-content\/uploads\/2014\/09\/projekt_obalix_njemacka_1.jpg\" alt=\"\"><\/p>\n<h3>projekt_obalix_njemacka_1<\/h3>\n<\/li>\n<li>\n<p>        <img decoding=\"async\" src=\"\/wp-content\/uploads\/2014\/06\/janaf_storage_tank_project_croatia_2.jpeg\" alt=\"\"><\/p>\n<h3>janaf_storage_tank_project_croatia_2<\/h3>\n<\/li>\n<li>\n<p>        <img decoding=\"async\" src=\"\/wp-content\/uploads\/2014\/06\/bp_moshi_fuel_depot_tanzania_1.jpeg\" alt=\"\"><\/p>\n<h3>bp_moshi_fuel_depot_tanzania_1<\/h3>\n<\/li>\n<li>\n<p>        <img decoding=\"async\" src=\"\/wp-content\/uploads\/2014\/06\/bp_moshi_fuel_depot_tanzania_2.jpeg\" alt=\"\"><\/p>\n<h3>bp_moshi_fuel_depot_tanzania_2<\/h3>\n<\/li>\n<li>\n<p>        <img decoding=\"async\" src=\"\/wp-content\/uploads\/2010\/08\/zavrseni_radovi_za_otf_u_ina_rafineriji_rijeka_2.jpeg\" alt=\"\"><\/p>\n<h3>zavrseni_radovi_za_otf_u_ina_rafineriji_rijeka_2<\/h3>\n<\/li>\n<li>\n<p>        <img decoding=\"async\" src=\"\/wp-content\/uploads\/2014\/09\/Projekt_izomerizacije_Sisak2.jpg\" alt=\"\"><\/p>\n<h3>Projekt_izomerizacije_Sisak2<\/h3>\n<\/li>\n<\/ul>\n<h3>Nos principaux partenaires dans la r\u00e9alisation de projets de raffineries et les usines p\u00e9trochimiques<\/h3>\n<ul>\n<li>\n<p>        <img decoding=\"async\" src=\"\/wp-content\/uploads\/2014\/06\/ina.jpg\" alt=\"\"><\/p>\n<h3>ina<\/h3>\n<\/li>\n<li>\n<p>        <img decoding=\"async\" src=\"\/wp-content\/uploads\/2014\/06\/galileng.jpg\" alt=\"\"><\/p>\n<h3>galileng<\/h3>\n<\/li>\n<li>\n<p>        <img decoding=\"async\" src=\"\/wp-content\/uploads\/2014\/06\/otf.jpg\" alt=\"\"><\/p>\n<h3>otf<\/h3>\n<\/li>\n<li>\n<p>        <img decoding=\"async\" src=\"\/wp-content\/uploads\/2014\/06\/bp.jpg\" alt=\"\"><\/p>\n<h3>bp<\/h3>\n<\/li>\n<li>\n<p>        <img decoding=\"async\" src=\"\/wp-content\/uploads\/2014\/06\/janaf.jpg\" alt=\"\"><\/p>\n<h3>janaf<\/h3>\n<\/li>\n<\/ul>\n<p><!--more--><br \/>\n<!-- {\"type\":\"layout\",\"children\":[{\"type\":\"section\",\"props\":{\"image\":\"wp-content\\\/uploads\\\/2014\\\/07\\\/page_header_bg.jpg\",\"image_position\":\"center-center\",\"image_size\":\"cover\",\"padding_remove_bottom\":false,\"style\":\"default\",\"title_breakpoint\":\"xl\",\"title_position\":\"top-left\",\"title_rotation\":\"left\",\"vertical_align\":\"middle\",\"width\":\"\"},\"children\":[{\"type\":\"row\",\"children\":[{\"type\":\"column\",\"props\":{\"image_position\":\"center-center\",\"media_overlay_gradient\":\"\",\"position_sticky_breakpoint\":\"m\"},\"children\":[{\"type\":\"fragment\",\"children\":[{\"type\":\"row\",\"props\":{\"layout\":\"2-3,1-3\",\"width\":\"default\"},\"children\":[{\"type\":\"column\",\"props\":{\"image_position\":\"center-center\",\"media_overlay_gradient\":\"\",\"position_sticky_breakpoint\":\"m\",\"width_medium\":\"2-3\"},\"children\":[{\"type\":\"breadcrumbs\",\"props\":{\"css\":\".el-element{\\n    padding-left:10px;\\n    padding-top:2px;\\n    padding-bottom:2px;\\n    padding-right:10px;\\n    display: inline-block;\\n    background-color:rgb(36, 36, 39);\\n    vertical-align:middle;\\n    margin-top:15px;\\n}\\n.el-element ul li a{\\n    color:white;\\n}\",\"show_current\":true,\"show_home\":true}}]},{\"type\":\"column\",\"props\":{\"image_position\":\"center-center\",\"media_overlay_gradient\":\"\",\"position_sticky_breakpoint\":\"m\",\"width_medium\":\"1-3\"},\"children\":[{\"type\":\"headline\",\"props\":{\"css\":\".el-element{\\n    color:white;\\n    font-weight:700;\\n}\",\"title_element\":\"h1\"},\"source\":{\"query\":{\"name\":\"pages.singlePage\"},\"props\":{\"content\":{\"filters\":{\"search\":\"\"},\"name\":\"title\"}}}}]}]}]}]}]}],\"name\":\"Breadcrumbs\"},{\"type\":\"section\",\"props\":{\"image_position\":\"center-center\",\"style\":\"default\",\"title_breakpoint\":\"xl\",\"title_position\":\"top-left\",\"title_rotation\":\"left\",\"vertical_align\":\"middle\",\"width\":\"default\"},\"children\":[{\"type\":\"row\",\"children\":[{\"type\":\"column\",\"props\":{\"image_position\":\"center-center\",\"media_overlay_gradient\":\"\",\"position_sticky_breakpoint\":\"m\"},\"children\":[{\"type\":\"headline\",\"props\":{\"content\":\"Raffineries et industries p\\u00e9trochimiques\",\"title_element\":\"h1\"}},{\"type\":\"divider\",\"props\":{\"divider_element\":\"hr\"}}]}]},{\"type\":\"row\",\"props\":{\"layout\":\"3-4,1-4\"},\"children\":[{\"type\":\"column\",\"props\":{\"image_position\":\"center-center\",\"media_overlay_gradient\":\"\",\"position_sticky_breakpoint\":\"m\",\"width_medium\":\"3-4\"},\"children\":[{\"type\":\"text\",\"props\":{\"column_breakpoint\":\"m\",\"content\":\"Enikon con\\u00e7oit, fabrique, monte et met en service des unit\\u00e9s auxiliaires pour les raffineries lieux de stockage, r\\u00e9servoirs, r\\u00e9cipients \\u00e0 pression, \\u00e9changeurs thermiques,\\u2026) Enikon effectue de fa\\u00e7on ind\\u00e9pendante tous les travaux relatifs aux \\u00e9quipements technologiques principaux. En collaboration avec nos partenaires et fournisseurs permanents, nous effectuons des t\\u00e2ches complexes dans le syst\\u00e8me \\u00ab\\u00a0cl\\u00e9 en main\\u00a0\\u00bb. Nos principaux partenaires dans le domaine sont BP, Oryx Energy, Total, Air Liquide, Messer JANAF, INA, OTF, Petrokemija, Galil Engineering et bien d\\u2019autres encore.\",\"margin\":\"default\"}}]},{\"type\":\"column\",\"props\":{\"image_position\":\"center-center\",\"media_overlay_gradient\":\"\",\"position_sticky_breakpoint\":\"m\",\"width_medium\":\"1-4\"},\"children\":[{\"type\":\"image\",\"props\":{\"image\":\"wp-content\\\/uploads\\\/2014\\\/06\\\/rafinerijska_petrokemijska_postrojenja1.jpg\",\"image_svg_color\":\"emphasis\",\"margin\":\"default\"}}]}]},{\"type\":\"row\",\"children\":[{\"type\":\"column\",\"props\":{\"image_position\":\"center-center\",\"media_overlay_gradient\":\"\",\"position_sticky_breakpoint\":\"m\"},\"children\":[{\"type\":\"gallery\",\"props\":{\"filter_align\":\"left\",\"filter_all\":true,\"filter_grid_breakpoint\":\"m\",\"filter_grid_width\":\"auto\",\"filter_position\":\"top\",\"filter_style\":\"tab\",\"grid_default\":\"1\",\"grid_medium\":\"6\",\"image_height\":\"100\",\"item_animation\":true,\"lightbox\":true,\"link_style\":\"default\",\"link_text\":\"\",\"margin\":\"default\",\"meta_align\":\"below-title\",\"meta_element\":\"div\",\"meta_style\":\"text-meta\",\"overlay_hover\":true,\"overlay_link\":true,\"overlay_mode\":\"cover\",\"overlay_position\":\"center\",\"overlay_style\":\"overlay-primary\",\"overlay_transition\":\"fade\",\"show_content\":true,\"show_hover_image\":true,\"show_link\":true,\"show_meta\":true,\"show_title\":false,\"text_align\":\"center\",\"text_color\":\"light\",\"title_element\":\"h3\",\"title_hover_style\":\"reset\"},\"children\":[{\"type\":\"gallery_item\",\"props\":{\"image\":\"wp-content\\\/uploads\\\/2014\\\/09\\\/projekt_obalix_njemacka_1.jpg\",\"title\":\"projekt_obalix_njemacka_1\"}},{\"type\":\"gallery_item\",\"props\":{\"image\":\"wp-content\\\/uploads\\\/2014\\\/06\\\/janaf_storage_tank_project_croatia_2.jpeg\",\"title\":\"janaf_storage_tank_project_croatia_2\"}},{\"type\":\"gallery_item\",\"props\":{\"image\":\"wp-content\\\/uploads\\\/2014\\\/06\\\/bp_moshi_fuel_depot_tanzania_1.jpeg\",\"title\":\"bp_moshi_fuel_depot_tanzania_1\"}},{\"type\":\"gallery_item\",\"props\":{\"image\":\"wp-content\\\/uploads\\\/2014\\\/06\\\/bp_moshi_fuel_depot_tanzania_2.jpeg\",\"title\":\"bp_moshi_fuel_depot_tanzania_2\"}},{\"type\":\"gallery_item\",\"props\":{\"image\":\"wp-content\\\/uploads\\\/2010\\\/08\\\/zavrseni_radovi_za_otf_u_ina_rafineriji_rijeka_2.jpeg\",\"title\":\"zavrseni_radovi_za_otf_u_ina_rafineriji_rijeka_2\"}},{\"type\":\"gallery_item\",\"props\":{\"image\":\"wp-content\\\/uploads\\\/2014\\\/09\\\/Projekt_izomerizacije_Sisak2.jpg\",\"title\":\"Projekt_izomerizacije_Sisak2\"}}]}]}]}]},{\"type\":\"section\",\"props\":{\"image_position\":\"center-center\",\"style\":\"muted\",\"title_breakpoint\":\"xl\",\"title_position\":\"top-left\",\"title_rotation\":\"left\",\"vertical_align\":\"middle\",\"width\":\"default\"},\"children\":[{\"type\":\"row\",\"props\":{\"layout\":\"1-5,4-5\"},\"children\":[{\"type\":\"column\",\"props\":{\"image_position\":\"center-center\",\"media_overlay_gradient\":\"\",\"position_sticky_breakpoint\":\"m\",\"width_medium\":\"1-5\"},\"children\":[{\"type\":\"headline\",\"props\":{\"content\":\"Nos principaux partenaires dans la r\\u00e9alisation de projets de raffineries et les usines p\\u00e9trochimiques\",\"title_element\":\"h3\",\"title_style\":\"text-large\"}}]},{\"type\":\"column\",\"props\":{\"image_position\":\"center-center\",\"media_overlay_gradient\":\"\",\"position_sticky_breakpoint\":\"m\",\"width_medium\":\"4-5\"},\"children\":[{\"type\":\"panel-slider\",\"props\":{\"content_column_breakpoint\":\"m\",\"icon_width\":80,\"image_align\":\"top\",\"image_grid_breakpoint\":\"m\",\"image_grid_width\":\"auto\",\"image_margin\":\"remove\",\"image_svg_color\":\"emphasis\",\"image_vertical_align\":true,\"link_style\":\"\",\"link_text\":\"\",\"margin\":\"default\",\"meta_align\":\"below-title\",\"meta_element\":\"div\",\"meta_style\":\"text-meta\",\"nav\":\"dotnav\",\"nav_align\":\"center\",\"nav_breakpoint\":\"s\",\"panel_card_match\":true,\"panel_card_offset\":false,\"panel_image_no_padding\":false,\"panel_padding\":\"small\",\"panel_style\":\"card-default\",\"show_content\":false,\"show_image\":true,\"show_link\":true,\"show_meta\":false,\"show_title\":false,\"slidenav\":\"outside\",\"slidenav_breakpoint\":\"xl\",\"slidenav_margin\":\"medium\",\"slidenav_outside_breakpoint\":\"xl\",\"slider_autoplay_pause\":true,\"slider_gap\":\"default\",\"slider_width\":\"fixed\",\"slider_width_default\":\"1-1\",\"slider_width_medium\":\"1-4\",\"title_align\":\"top\",\"title_element\":\"h3\",\"title_grid_breakpoint\":\"m\",\"title_grid_width\":\"1-2\",\"title_hover_style\":\"reset\"},\"children\":[{\"type\":\"panel-slider_item\",\"props\":{\"image\":\"wp-content\\\/uploads\\\/2014\\\/06\\\/ina.jpg\",\"title\":\"ina\"}},{\"type\":\"panel-slider_item\",\"props\":{\"image\":\"wp-content\\\/uploads\\\/2014\\\/06\\\/galileng.jpg\",\"title\":\"galileng\"}},{\"type\":\"panel-slider_item\",\"props\":{\"image\":\"wp-content\\\/uploads\\\/2014\\\/06\\\/otf.jpg\",\"title\":\"otf\"}},{\"type\":\"panel-slider_item\",\"props\":{\"image\":\"wp-content\\\/uploads\\\/2014\\\/06\\\/bp.jpg\",\"title\":\"bp\"}},{\"type\":\"panel-slider_item\",\"props\":{\"image\":\"wp-content\\\/uploads\\\/2014\\\/06\\\/janaf.jpg\",\"title\":\"janaf\"}}]}]}]}],\"name\":\"temp\"}],\"version\":\"3.0.14\"} --><\/p>\n","protected":false},"excerpt":{"rendered":"<p>Raffineries et industries p\u00e9trochimiques Enikon con\u00e7oit, fabrique, monte et met en service des unit\u00e9s auxiliaires pour les raffineries lieux de stockage, r\u00e9servoirs, r\u00e9cipients \u00e0 pression, \u00e9changeurs thermiques,\u2026) Enikon effectue de fa\u00e7on ind\u00e9pendante tous les travaux relatifs aux \u00e9quipements technologiques principaux. En collaboration avec nos partenaires et fournisseurs permanents, nous effectuons des t\u00e2ches complexes dans le [&hellip;]<\/p>\n","protected":false},"author":1,"featured_media":0,"parent":2436,"menu_order":0,"comment_status":"closed","ping_status":"closed","template":"","meta":{"footnotes":""},"class_list":["post-2458","page","type-page","status-publish","hentry"],"_links":{"self":[{"href":"https:\/\/enikon.com\/fr\/wp-json\/wp\/v2\/pages\/2458","targetHints":{"allow":["GET"]}}],"collection":[{"href":"https:\/\/enikon.com\/fr\/wp-json\/wp\/v2\/pages"}],"about":[{"href":"https:\/\/enikon.com\/fr\/wp-json\/wp\/v2\/types\/page"}],"author":[{"embeddable":true,"href":"https:\/\/enikon.com\/fr\/wp-json\/wp\/v2\/users\/1"}],"replies":[{"embeddable":true,"href":"https:\/\/enikon.com\/fr\/wp-json\/wp\/v2\/comments?post=2458"}],"version-history":[{"count":5,"href":"https:\/\/enikon.com\/fr\/wp-json\/wp\/v2\/pages\/2458\/revisions"}],"predecessor-version":[{"id":6650,"href":"https:\/\/enikon.com\/fr\/wp-json\/wp\/v2\/pages\/2458\/revisions\/6650"}],"up":[{"embeddable":true,"href":"https:\/\/enikon.com\/fr\/wp-json\/wp\/v2\/pages\/2436"}],"wp:attachment":[{"href":"https:\/\/enikon.com\/fr\/wp-json\/wp\/v2\/media?parent=2458"}],"curies":[{"name":"wp","href":"https:\/\/api.w.org\/{rel}","templated":true}]}}