{"id":2451,"date":"2014-06-30T08:16:01","date_gmt":"2014-06-30T08:16:01","guid":{"rendered":"https:\/\/enikon.com\/?page_id=2451"},"modified":"2014-09-15T10:33:08","modified_gmt":"2014-09-15T10:33:08","slug":"fabrication-de-clinker-et-de-ciment","status":"publish","type":"page","link":"https:\/\/enikon.com\/fr\/domaines-dactivites\/fabrication-de-clinker-et-de-ciment\/","title":{"rendered":"Fabrication de clinker et de ciment"},"content":{"rendered":"<p><img loading=\"lazy\" decoding=\"async\" class=\"postimages alignright wp-image-1084 size-full\" src=\"https:\/\/enikon.com\/wp-content\/uploads\/2014\/06\/proizvodnja_klinkera_i_cementa.jpg\" alt=\"proizvodnja_klinkera_i_cementa\" width=\"242\" height=\"159\" \/>Enikon con\u00e7oit, fabrique, installe et met en service les unit\u00e9s auxiliaires des usines de fabrication de ciment et clinker (unit\u00e9s de stockage, appareils de transport, \u00e9quipements de d\u00e9poussi\u00e9rage, etc\u2026) et effectue de fa\u00e7on ind\u00e9pendante les t\u00e2ches de montage-d\u00e9montage sur les \u00e9quipements de technologie principale. Avec nos partenaires et fournisseurs de longue date, nous effectuons des op\u00e9rations selon le syst\u00e8me \u00ab cl\u00e9 en main \u00bb. Nos partenaires els plus renomm\u00e9s sont CEMEX, Holcim, Lafarge, KHD, FLS et Contimpianti.<\/p>\n<p>&nbsp;<\/p>\n","protected":false},"excerpt":{"rendered":"<p>Enikon con\u00e7oit, fabrique, installe et met en service les unit\u00e9s auxiliaires des usines de fabrication de ciment et clinker (unit\u00e9s de stockage, appareils de transport, \u00e9quipements de d\u00e9poussi\u00e9rage, etc\u2026) et effectue de fa\u00e7on ind\u00e9pendante les t\u00e2ches de montage-d\u00e9montage sur les \u00e9quipements de technologie principale. Avec nos partenaires et fournisseurs de longue date, nous effectuons des [&hellip;]<\/p>\n","protected":false},"author":1,"featured_media":0,"parent":2436,"menu_order":0,"comment_status":"closed","ping_status":"closed","template":"","meta":{"footnotes":""},"class_list":["post-2451","page","type-page","status-publish","hentry"],"_links":{"self":[{"href":"https:\/\/enikon.com\/fr\/wp-json\/wp\/v2\/pages\/2451","targetHints":{"allow":["GET"]}}],"collection":[{"href":"https:\/\/enikon.com\/fr\/wp-json\/wp\/v2\/pages"}],"about":[{"href":"https:\/\/enikon.com\/fr\/wp-json\/wp\/v2\/types\/page"}],"author":[{"embeddable":true,"href":"https:\/\/enikon.com\/fr\/wp-json\/wp\/v2\/users\/1"}],"replies":[{"embeddable":true,"href":"https:\/\/enikon.com\/fr\/wp-json\/wp\/v2\/comments?post=2451"}],"version-history":[{"count":1,"href":"https:\/\/enikon.com\/fr\/wp-json\/wp\/v2\/pages\/2451\/revisions"}],"predecessor-version":[{"id":2454,"href":"https:\/\/enikon.com\/fr\/wp-json\/wp\/v2\/pages\/2451\/revisions\/2454"}],"up":[{"embeddable":true,"href":"https:\/\/enikon.com\/fr\/wp-json\/wp\/v2\/pages\/2436"}],"wp:attachment":[{"href":"https:\/\/enikon.com\/fr\/wp-json\/wp\/v2\/media?parent=2451"}],"curies":[{"name":"wp","href":"https:\/\/api.w.org\/{rel}","templated":true}]}}