{"id":2448,"date":"2014-06-30T08:27:02","date_gmt":"2014-06-30T08:27:02","guid":{"rendered":"https:\/\/enikon.com\/?page_id=2448"},"modified":"2014-09-15T10:29:40","modified_gmt":"2014-09-15T10:29:40","slug":"industrie-agro-alimentaire","status":"publish","type":"page","link":"https:\/\/enikon.com\/fr\/domaines-dactivites\/industrie-agro-alimentaire\/","title":{"rendered":"Industrie agro-alimentaire"},"content":{"rendered":"<p><img loading=\"lazy\" decoding=\"async\" class=\"postimages alignright wp-image-1083 \" src=\"https:\/\/enikon.com\/wp-content\/uploads\/2014\/06\/proizvodnja_hrane.jpg\" alt=\"proizvodnja_hrane\" width=\"167\" height=\"223\" srcset=\"https:\/\/enikon.com\/wp-content\/uploads\/2014\/06\/proizvodnja_hrane.jpg 242w, https:\/\/enikon.com\/wp-content\/uploads\/2014\/06\/proizvodnja_hrane-224x300.jpg 224w, https:\/\/enikon.com\/wp-content\/uploads\/2014\/06\/proizvodnja_hrane-140x187.jpg 140w\" sizes=\"auto, (max-width: 167px) 100vw, 167px\" \/>En d\u00e9veloppant de nouvelles technologies visant \u00e0 accro\u00eetre la productivit\u00e9 et la qualit\u00e9 de la production, les producteurs de nourriture investissent des sommes consid\u00e9rables dans la modernisation de leurs actifs et la construction de nouvelles unit\u00e9s de production. Des processus de fabrication de plus en plus complexes sont un v\u00e9ritable d\u00e9fi pour l\u2019entreprise responsable des travaux en termes de qualit\u00e9. Enikon est pr\u00e9sent en ce domaine parmi les plus grandes soci\u00e9t\u00e9s croates comme Jamnica, Zvijezda, Kvasac et Ledo pour l\u2019entretien et la construction de nouvelles unit\u00e9s de production.<\/p>\n","protected":false},"excerpt":{"rendered":"<p>En d\u00e9veloppant de nouvelles technologies visant \u00e0 accro\u00eetre la productivit\u00e9 et la qualit\u00e9 de la production, les producteurs de nourriture investissent des sommes consid\u00e9rables dans la modernisation de leurs actifs et la construction de nouvelles unit\u00e9s de production. Des processus de fabrication de plus en plus complexes sont un v\u00e9ritable d\u00e9fi pour l\u2019entreprise responsable des [&hellip;]<\/p>\n","protected":false},"author":1,"featured_media":0,"parent":2436,"menu_order":0,"comment_status":"closed","ping_status":"closed","template":"","meta":{"footnotes":""},"class_list":["post-2448","page","type-page","status-publish","hentry"],"_links":{"self":[{"href":"https:\/\/enikon.com\/fr\/wp-json\/wp\/v2\/pages\/2448","targetHints":{"allow":["GET"]}}],"collection":[{"href":"https:\/\/enikon.com\/fr\/wp-json\/wp\/v2\/pages"}],"about":[{"href":"https:\/\/enikon.com\/fr\/wp-json\/wp\/v2\/types\/page"}],"author":[{"embeddable":true,"href":"https:\/\/enikon.com\/fr\/wp-json\/wp\/v2\/users\/1"}],"replies":[{"embeddable":true,"href":"https:\/\/enikon.com\/fr\/wp-json\/wp\/v2\/comments?post=2448"}],"version-history":[{"count":1,"href":"https:\/\/enikon.com\/fr\/wp-json\/wp\/v2\/pages\/2448\/revisions"}],"predecessor-version":[{"id":2450,"href":"https:\/\/enikon.com\/fr\/wp-json\/wp\/v2\/pages\/2448\/revisions\/2450"}],"up":[{"embeddable":true,"href":"https:\/\/enikon.com\/fr\/wp-json\/wp\/v2\/pages\/2436"}],"wp:attachment":[{"href":"https:\/\/enikon.com\/fr\/wp-json\/wp\/v2\/media?parent=2448"}],"curies":[{"name":"wp","href":"https:\/\/api.w.org\/{rel}","templated":true}]}}