{"id":2445,"date":"2014-06-30T08:16:31","date_gmt":"2014-06-30T08:16:31","guid":{"rendered":"https:\/\/enikon.com\/?page_id=2445"},"modified":"2022-11-22T11:04:19","modified_gmt":"2022-11-22T11:04:19","slug":"distribution-du-petrole-et-du-gaz","status":"publish","type":"page","link":"https:\/\/enikon.com\/fr\/domaines-dactivites\/distribution-du-petrole-et-du-gaz\/","title":{"rendered":"Distribution du p\u00e9trole et du gaz"},"content":{"rendered":"<h1>Distribution du p\u00e9trole et du gaz<\/h1>\n<hr>\n<div>Enikon a fait ses preuves et est devenu l\u2019un des partenaires privil\u00e9gi\u00e9s pour ce type de projets dans le monde entier. Les clients surent reconnaitre la qualit\u00e9 d\u2019Enikon, sa capacit\u00e9 \u00e0 respecter les d\u00e9lais sur ce type de projets, ce qui est primordial dans ce domaine d\u2019activit\u00e9. Toutes ces entit\u00e9s de r\u00e9f\u00e9rence et ces clients satisfaits sont la preuve de la qualit\u00e9 d\u2019Enikon en tant que partenaire. Les projets les plus exigeants men\u00e9s \u00e0 bien furent la gaz\u00e9ification de la Croatie avec Plinacro et les projets avec l\u2019entreprise JANAF.<\/div>\n<p><img decoding=\"async\" src=\"\/wp-content\/uploads\/2014\/06\/distribucija_nafta_plin.jpg\" alt=\"\"><\/p>\n<h3>La plupart des projets dans le domaine de la distribution du p\u00e9trole et du gaz que nous avons fait pour<\/h3>\n<ul>\n<li>\n<p>        <img decoding=\"async\" src=\"\/wp-content\/uploads\/2014\/06\/janaf.jpg\" alt=\"\"><\/p>\n<h3>janaf<\/h3>\n<\/li>\n<li>\n<p>        <img decoding=\"async\" src=\"\/wp-content\/uploads\/2014\/06\/plinacro.jpg\" alt=\"\"><\/p>\n<h3>plinacro<\/h3>\n<\/li>\n<\/ul>\n<p><!--more--><br \/>\n<!-- {\"type\":\"layout\",\"children\":[{\"type\":\"section\",\"props\":{\"image\":\"wp-content\\\/uploads\\\/2014\\\/07\\\/page_header_bg.jpg\",\"image_position\":\"center-center\",\"image_size\":\"cover\",\"padding_remove_bottom\":false,\"style\":\"default\",\"title_breakpoint\":\"xl\",\"title_position\":\"top-left\",\"title_rotation\":\"left\",\"vertical_align\":\"middle\",\"width\":\"\"},\"children\":[{\"type\":\"row\",\"children\":[{\"type\":\"column\",\"props\":{\"image_position\":\"center-center\",\"media_overlay_gradient\":\"\",\"position_sticky_breakpoint\":\"m\"},\"children\":[{\"type\":\"fragment\",\"children\":[{\"type\":\"row\",\"props\":{\"layout\":\"2-3,1-3\",\"width\":\"default\"},\"children\":[{\"type\":\"column\",\"props\":{\"image_position\":\"center-center\",\"media_overlay_gradient\":\"\",\"position_sticky_breakpoint\":\"m\",\"width_medium\":\"2-3\"},\"children\":[{\"type\":\"breadcrumbs\",\"props\":{\"css\":\".el-element{\\n    padding-left:10px;\\n    padding-top:2px;\\n    padding-bottom:2px;\\n    padding-right:10px;\\n    display: inline-block;\\n    background-color:rgb(36, 36, 39);\\n    vertical-align:middle;\\n    margin-top:15px;\\n}\\n.el-element ul li a{\\n    color:white;\\n}\",\"show_current\":true,\"show_home\":true}}]},{\"type\":\"column\",\"props\":{\"image_position\":\"center-center\",\"media_overlay_gradient\":\"\",\"position_sticky_breakpoint\":\"m\",\"width_medium\":\"1-3\"},\"children\":[{\"type\":\"headline\",\"props\":{\"css\":\".el-element{\\n    color:white;\\n    font-weight:700;\\n}\",\"title_element\":\"h1\"},\"source\":{\"query\":{\"name\":\"pages.singlePage\"},\"props\":{\"content\":{\"filters\":{\"search\":\"\"},\"name\":\"title\"}}}}]}]}]}]}]}],\"name\":\"Breadcrumbs\"},{\"type\":\"section\",\"props\":{\"image_position\":\"center-center\",\"style\":\"default\",\"title_breakpoint\":\"xl\",\"title_position\":\"top-left\",\"title_rotation\":\"left\",\"vertical_align\":\"middle\",\"width\":\"default\"},\"children\":[{\"type\":\"row\",\"children\":[{\"type\":\"column\",\"props\":{\"image_position\":\"center-center\",\"media_overlay_gradient\":\"\",\"position_sticky_breakpoint\":\"m\"},\"children\":[{\"type\":\"headline\",\"props\":{\"content\":\"Distribution du p\\u00e9trole et du gaz\",\"title_element\":\"h1\"}},{\"type\":\"divider\",\"props\":{\"divider_element\":\"hr\"}}]}]},{\"type\":\"row\",\"props\":{\"layout\":\"3-4,1-4\"},\"children\":[{\"type\":\"column\",\"props\":{\"image_position\":\"center-center\",\"media_overlay_gradient\":\"\",\"position_sticky_breakpoint\":\"m\",\"width_medium\":\"3-4\"},\"children\":[{\"type\":\"text\",\"props\":{\"column_breakpoint\":\"m\",\"content\":\"Enikon a fait ses preuves et est devenu l\\u2019un des partenaires privil\\u00e9gi\\u00e9s pour ce type de projets dans le monde entier. Les clients surent reconnaitre la qualit\\u00e9 d\\u2019Enikon, sa capacit\\u00e9 \\u00e0 respecter les d\\u00e9lais sur ce type de projets, ce qui est primordial dans ce domaine d\\u2019activit\\u00e9. Toutes ces entit\\u00e9s de r\\u00e9f\\u00e9rence et ces clients satisfaits sont la preuve de la qualit\\u00e9 d\\u2019Enikon en tant que partenaire. Les projets les plus exigeants men\\u00e9s \\u00e0 bien furent la gaz\\u00e9ification de la Croatie avec Plinacro et les projets avec l\\u2019entreprise JANAF.\",\"margin\":\"default\"}}]},{\"type\":\"column\",\"props\":{\"image_position\":\"center-center\",\"media_overlay_gradient\":\"\",\"position_sticky_breakpoint\":\"m\",\"width_medium\":\"1-4\"},\"children\":[{\"type\":\"image\",\"props\":{\"image\":\"wp-content\\\/uploads\\\/2014\\\/06\\\/distribucija_nafta_plin.jpg\",\"image_svg_color\":\"emphasis\",\"margin\":\"default\"}}]}]}]},{\"type\":\"section\",\"props\":{\"image_position\":\"center-center\",\"style\":\"muted\",\"title_breakpoint\":\"xl\",\"title_position\":\"top-left\",\"title_rotation\":\"left\",\"vertical_align\":\"middle\",\"width\":\"default\"},\"children\":[{\"type\":\"row\",\"props\":{\"layout\":\"1-5,4-5\"},\"children\":[{\"type\":\"column\",\"props\":{\"image_position\":\"center-center\",\"media_overlay_gradient\":\"\",\"position_sticky_breakpoint\":\"m\",\"width_medium\":\"1-5\"},\"children\":[{\"type\":\"headline\",\"props\":{\"content\":\"La plupart des projets dans le domaine de la distribution du p\\u00e9trole et du gaz que nous avons fait pour\",\"title_element\":\"h3\",\"title_style\":\"text-large\"}}]},{\"type\":\"column\",\"props\":{\"image_position\":\"center-center\",\"media_overlay_gradient\":\"\",\"position_sticky_breakpoint\":\"m\",\"width_medium\":\"4-5\"},\"children\":[{\"type\":\"panel-slider\",\"props\":{\"content_column_breakpoint\":\"m\",\"icon_width\":80,\"image_align\":\"top\",\"image_grid_breakpoint\":\"m\",\"image_grid_width\":\"auto\",\"image_margin\":\"remove\",\"image_svg_color\":\"emphasis\",\"image_vertical_align\":true,\"link_style\":\"\",\"link_text\":\"\",\"margin\":\"default\",\"meta_align\":\"below-title\",\"meta_element\":\"div\",\"meta_style\":\"text-meta\",\"nav\":\"dotnav\",\"nav_align\":\"center\",\"nav_breakpoint\":\"s\",\"panel_card_match\":true,\"panel_card_offset\":false,\"panel_image_no_padding\":false,\"panel_padding\":\"small\",\"panel_style\":\"card-default\",\"show_content\":false,\"show_image\":true,\"show_link\":true,\"show_meta\":false,\"show_title\":false,\"slidenav\":\"outside\",\"slidenav_breakpoint\":\"xl\",\"slidenav_margin\":\"medium\",\"slidenav_outside_breakpoint\":\"xl\",\"slider_autoplay_pause\":true,\"slider_center\":false,\"slider_gap\":\"default\",\"slider_width\":\"fixed\",\"slider_width_default\":\"1-1\",\"slider_width_medium\":\"1-2\",\"text_align\":\"center\",\"title_align\":\"top\",\"title_element\":\"h3\",\"title_grid_breakpoint\":\"m\",\"title_grid_width\":\"1-2\",\"title_hover_style\":\"reset\"},\"children\":[{\"type\":\"panel-slider_item\",\"props\":{\"image\":\"wp-content\\\/uploads\\\/2014\\\/06\\\/janaf.jpg\",\"title\":\"janaf\"}},{\"type\":\"panel-slider_item\",\"props\":{\"image\":\"wp-content\\\/uploads\\\/2014\\\/06\\\/plinacro.jpg\",\"title\":\"plinacro\"}}]}]}]}],\"name\":\"temp\"}],\"version\":\"3.0.12\"} --><\/p>\n","protected":false},"excerpt":{"rendered":"<p>Distribution du p\u00e9trole et du gaz Enikon a fait ses preuves et est devenu l\u2019un des partenaires privil\u00e9gi\u00e9s pour ce type de projets dans le monde entier. Les clients surent reconnaitre la qualit\u00e9 d\u2019Enikon, sa capacit\u00e9 \u00e0 respecter les d\u00e9lais sur ce type de projets, ce qui est primordial dans ce domaine d\u2019activit\u00e9. Toutes ces [&hellip;]<\/p>\n","protected":false},"author":1,"featured_media":0,"parent":2436,"menu_order":0,"comment_status":"closed","ping_status":"closed","template":"","meta":{"footnotes":""},"class_list":["post-2445","page","type-page","status-publish","hentry"],"_links":{"self":[{"href":"https:\/\/enikon.com\/fr\/wp-json\/wp\/v2\/pages\/2445","targetHints":{"allow":["GET"]}}],"collection":[{"href":"https:\/\/enikon.com\/fr\/wp-json\/wp\/v2\/pages"}],"about":[{"href":"https:\/\/enikon.com\/fr\/wp-json\/wp\/v2\/types\/page"}],"author":[{"embeddable":true,"href":"https:\/\/enikon.com\/fr\/wp-json\/wp\/v2\/users\/1"}],"replies":[{"embeddable":true,"href":"https:\/\/enikon.com\/fr\/wp-json\/wp\/v2\/comments?post=2445"}],"version-history":[{"count":2,"href":"https:\/\/enikon.com\/fr\/wp-json\/wp\/v2\/pages\/2445\/revisions"}],"predecessor-version":[{"id":6545,"href":"https:\/\/enikon.com\/fr\/wp-json\/wp\/v2\/pages\/2445\/revisions\/6545"}],"up":[{"embeddable":true,"href":"https:\/\/enikon.com\/fr\/wp-json\/wp\/v2\/pages\/2436"}],"wp:attachment":[{"href":"https:\/\/enikon.com\/fr\/wp-json\/wp\/v2\/media?parent=2445"}],"curies":[{"name":"wp","href":"https:\/\/api.w.org\/{rel}","templated":true}]}}