{"id":2442,"date":"2014-06-30T08:27:50","date_gmt":"2014-06-30T08:27:50","guid":{"rendered":"https:\/\/enikon.com\/?page_id=2442"},"modified":"2014-09-15T10:25:16","modified_gmt":"2014-09-15T10:25:16","slug":"ponts-en-acier","status":"publish","type":"page","link":"https:\/\/enikon.com\/fr\/domaines-dactivites\/ponts-en-acier\/","title":{"rendered":"Ponts en acier"},"content":{"rendered":"<p><img loading=\"lazy\" decoding=\"async\" class=\"postimages alignright wp-image-1079 size-full\" src=\"https:\/\/enikon.com\/wp-content\/uploads\/2014\/06\/celicni_mostovi.jpg\" alt=\"celicni_mostovi\" width=\"242\" height=\"167\" \/>Enikon poss\u00e8de une tr\u00e8s grande exp\u00e9rience de la fabrication et l\u2019installation des ponts en acier dans les environnements les plus complexes. Notre liste de clients atteste de nos comp\u00e9tences en la mati\u00e8re. Nos clients savent reconna\u00eetre notre capacit\u00e9 en la mati\u00e8re et nous confient les projets les plus exigeants sur le principe du \u00ab\u00a0cl\u00e9 en main\u00a0\u00bb.<\/p>\n<p>&nbsp;<\/p>\n","protected":false},"excerpt":{"rendered":"<p>Enikon poss\u00e8de une tr\u00e8s grande exp\u00e9rience de la fabrication et l\u2019installation des ponts en acier dans les environnements les plus complexes. Notre liste de clients atteste de nos comp\u00e9tences en la mati\u00e8re. Nos clients savent reconna\u00eetre notre capacit\u00e9 en la mati\u00e8re et nous confient les projets les plus exigeants sur le principe du \u00ab\u00a0cl\u00e9 en [&hellip;]<\/p>\n","protected":false},"author":1,"featured_media":0,"parent":2436,"menu_order":0,"comment_status":"closed","ping_status":"closed","template":"","meta":{"footnotes":""},"class_list":["post-2442","page","type-page","status-publish","hentry"],"_links":{"self":[{"href":"https:\/\/enikon.com\/fr\/wp-json\/wp\/v2\/pages\/2442","targetHints":{"allow":["GET"]}}],"collection":[{"href":"https:\/\/enikon.com\/fr\/wp-json\/wp\/v2\/pages"}],"about":[{"href":"https:\/\/enikon.com\/fr\/wp-json\/wp\/v2\/types\/page"}],"author":[{"embeddable":true,"href":"https:\/\/enikon.com\/fr\/wp-json\/wp\/v2\/users\/1"}],"replies":[{"embeddable":true,"href":"https:\/\/enikon.com\/fr\/wp-json\/wp\/v2\/comments?post=2442"}],"version-history":[{"count":1,"href":"https:\/\/enikon.com\/fr\/wp-json\/wp\/v2\/pages\/2442\/revisions"}],"predecessor-version":[{"id":2444,"href":"https:\/\/enikon.com\/fr\/wp-json\/wp\/v2\/pages\/2442\/revisions\/2444"}],"up":[{"embeddable":true,"href":"https:\/\/enikon.com\/fr\/wp-json\/wp\/v2\/pages\/2436"}],"wp:attachment":[{"href":"https:\/\/enikon.com\/fr\/wp-json\/wp\/v2\/media?parent=2442"}],"curies":[{"name":"wp","href":"https:\/\/api.w.org\/{rel}","templated":true}]}}