{"id":2433,"date":"2014-08-18T12:54:38","date_gmt":"2014-08-18T12:54:38","guid":{"rendered":"https:\/\/enikon.com\/?page_id=2433"},"modified":"2022-11-29T09:48:32","modified_gmt":"2022-11-29T09:48:32","slug":"politique-de-securite-au-travail","status":"publish","type":"page","link":"https:\/\/enikon.com\/fr\/qui-sommes-nous\/politique-de-securite-au-travail\/","title":{"rendered":"Politique de s\u00e9curit\u00e9 au travail"},"content":{"rendered":"\n<hr class=\"wp-block-separator has-alpha-channel-opacity is-style-wide\"\/>\n\n\n\n<p>Enikon d.d. prend tout particuli\u00e8rement soin des conditions de travail, de la sant\u00e9 de ses employ\u00e9s et de la protection des biens de la soci\u00e9t\u00e9 et des clients. Elle place en outre les pr\u00e9occupations \u00e9cologiques en premi\u00e8re position.<\/p>\n\n\n\n<figure class=\"wp-block-image\"><img loading=\"lazy\" decoding=\"async\" width=\"663\" height=\"115\" src=\"https:\/\/enikon.com\/wp-content\/uploads\/2014\/08\/HSE_policy.jpg\" alt=\"HSE_policy\" class=\"wp-image-1039\" srcset=\"https:\/\/enikon.com\/wp-content\/uploads\/2014\/08\/HSE_policy.jpg 663w, https:\/\/enikon.com\/wp-content\/uploads\/2014\/08\/HSE_policy-300x52.jpg 300w, https:\/\/enikon.com\/wp-content\/uploads\/2014\/08\/HSE_policy-280x48.jpg 280w\" sizes=\"auto, (max-width: 663px) 100vw, 663px\" \/><\/figure>\n\n\n\n<h2 class=\"wp-block-heading\">S\u00e9curit\u00e9 au travail<\/h2>\n\n\n\n<p>Dans le cadre de notre politique HSE (Hygi\u00e8ne et S\u00e9curit\u00e9 Environnementale), nos employ\u00e9s sont soumis \u00e0 une formation continue pour la s\u00e9curit\u00e9 au travail et la s\u00e9curit\u00e9 incendie. Ils sont donc au fait des derni\u00e8res \u00e9volutions dans ces deux domaines respectifs. Chacun de nos employ\u00e9s est donc responsable de la mise en place et du respect des principes de notre politique HSE. Il est donc tenu d\u2019anticiper les \u00e9ventuels dangers pour les personnes ou les biens. Bien que notre soci\u00e9t\u00e9 effectue des travaux extr\u00eamement exigeants et complexes dans des environnements dangereux, nous sommes fiers des 4 279 473 heures de travail sans accident du travail (donn\u00e9e de janvier 2014).<\/p>\n","protected":false},"excerpt":{"rendered":"<p>Enikon d.d. prend tout particuli\u00e8rement soin des conditions de travail, de la sant\u00e9 de ses employ\u00e9s et de la protection des biens de la soci\u00e9t\u00e9 et des clients. Elle place en outre les pr\u00e9occupations \u00e9cologiques en premi\u00e8re position. S\u00e9curit\u00e9 au travail Dans le cadre de notre politique HSE (Hygi\u00e8ne et S\u00e9curit\u00e9 Environnementale), nos employ\u00e9s sont [&hellip;]<\/p>\n","protected":false},"author":1,"featured_media":0,"parent":2419,"menu_order":0,"comment_status":"closed","ping_status":"closed","template":"","meta":{"footnotes":""},"class_list":["post-2433","page","type-page","status-publish","hentry"],"_links":{"self":[{"href":"https:\/\/enikon.com\/fr\/wp-json\/wp\/v2\/pages\/2433","targetHints":{"allow":["GET"]}}],"collection":[{"href":"https:\/\/enikon.com\/fr\/wp-json\/wp\/v2\/pages"}],"about":[{"href":"https:\/\/enikon.com\/fr\/wp-json\/wp\/v2\/types\/page"}],"author":[{"embeddable":true,"href":"https:\/\/enikon.com\/fr\/wp-json\/wp\/v2\/users\/1"}],"replies":[{"embeddable":true,"href":"https:\/\/enikon.com\/fr\/wp-json\/wp\/v2\/comments?post=2433"}],"version-history":[{"count":2,"href":"https:\/\/enikon.com\/fr\/wp-json\/wp\/v2\/pages\/2433\/revisions"}],"predecessor-version":[{"id":6643,"href":"https:\/\/enikon.com\/fr\/wp-json\/wp\/v2\/pages\/2433\/revisions\/6643"}],"up":[{"embeddable":true,"href":"https:\/\/enikon.com\/fr\/wp-json\/wp\/v2\/pages\/2419"}],"wp:attachment":[{"href":"https:\/\/enikon.com\/fr\/wp-json\/wp\/v2\/media?parent=2433"}],"curies":[{"name":"wp","href":"https:\/\/api.w.org\/{rel}","templated":true}]}}