{"id":2430,"date":"2014-06-30T08:13:18","date_gmt":"2014-06-30T08:13:18","guid":{"rendered":"https:\/\/enikon.com\/?page_id=2430"},"modified":"2022-11-29T09:45:58","modified_gmt":"2022-11-29T09:45:58","slug":"vision-et-mission","status":"publish","type":"page","link":"https:\/\/enikon.com\/fr\/qui-sommes-nous\/vision-et-mission\/","title":{"rendered":"Vision et Mission"},"content":{"rendered":"\n<hr class=\"wp-block-separator has-alpha-channel-opacity is-style-wide\"\/>\n\n\n\n<div class=\"wp-block-columns is-layout-flex wp-container-core-columns-is-layout-9d6595d7 wp-block-columns-is-layout-flex\">\n<div class=\"wp-block-column is-layout-flow wp-block-column-is-layout-flow\">\n<div class=\"wp-block-columns is-layout-flex wp-container-core-columns-is-layout-9d6595d7 wp-block-columns-is-layout-flex\">\n<div class=\"wp-block-column is-layout-flow wp-block-column-is-layout-flow\">\n<h3 class=\"wp-block-heading\">Vision<\/h3>\n\n\n\n<p>La soci\u00e9t\u00e9 se voit comme une organisation capable d\u2019effectuer les travaux d\u2019ing\u00e9nierie et de construction les plus complexes par l\u2019emploi de technologies de construction et des comp\u00e9tences des plus modernes, d\u00e9passant ainsi le niveau d\u2019exigence auquel s\u2019attend le client.<\/p>\n<\/div>\n\n\n\n<div class=\"wp-block-column is-layout-flow wp-block-column-is-layout-flow\">\n<figure class=\"wp-block-image size-full\"><a href=\"https:\/\/enikon.com\/wp-content\/uploads\/2014\/06\/vizija.jpg\"><img loading=\"lazy\" decoding=\"async\" width=\"800\" height=\"600\" src=\"https:\/\/enikon.com\/wp-content\/uploads\/2014\/06\/vizija.jpg\" alt=\"\" class=\"wp-image-1706\" srcset=\"https:\/\/enikon.com\/wp-content\/uploads\/2014\/06\/vizija.jpg 800w, https:\/\/enikon.com\/wp-content\/uploads\/2014\/06\/vizija-300x225.jpg 300w, https:\/\/enikon.com\/wp-content\/uploads\/2014\/06\/vizija-249x187.jpg 249w\" sizes=\"auto, (max-width: 800px) 100vw, 800px\" \/><\/a><\/figure>\n<\/div>\n<\/div>\n<\/div>\n\n\n\n<div class=\"wp-block-column is-layout-flow wp-block-column-is-layout-flow\">\n<div class=\"wp-block-columns is-layout-flex wp-container-core-columns-is-layout-9d6595d7 wp-block-columns-is-layout-flex\">\n<div class=\"wp-block-column is-layout-flow wp-block-column-is-layout-flow\">\n<h3 class=\"wp-block-heading\">Mission<\/h3>\n\n\n\n<p>La mission de la soci\u00e9t\u00e9 est d\u2019assurer un service optimum au profit de son client, dans le but de devenir un partenaire d\u2019affaires strat\u00e9gique. Au traves de notre politique de d\u00e9veloppement claire, nous cherchons \u00e0 recruter, promouvoir et conserver les meilleurs sp\u00e9cialistes de tous nos domaines d\u2019activit\u00e9.<\/p>\n<\/div>\n\n\n\n<div class=\"wp-block-column is-layout-flow wp-block-column-is-layout-flow\">\n<figure class=\"wp-block-image size-full\"><a href=\"https:\/\/enikon.com\/wp-content\/uploads\/2014\/06\/misija.jpg\"><img loading=\"lazy\" decoding=\"async\" width=\"800\" height=\"600\" src=\"https:\/\/enikon.com\/wp-content\/uploads\/2014\/06\/misija.jpg\" alt=\"\" class=\"wp-image-1707\" srcset=\"https:\/\/enikon.com\/wp-content\/uploads\/2014\/06\/misija.jpg 800w, https:\/\/enikon.com\/wp-content\/uploads\/2014\/06\/misija-300x225.jpg 300w, https:\/\/enikon.com\/wp-content\/uploads\/2014\/06\/misija-249x187.jpg 249w\" sizes=\"auto, (max-width: 800px) 100vw, 800px\" \/><\/a><\/figure>\n<\/div>\n<\/div>\n<\/div>\n<\/div>\n","protected":false},"excerpt":{"rendered":"<p>Vision La soci\u00e9t\u00e9 se voit comme une organisation capable d\u2019effectuer les travaux d\u2019ing\u00e9nierie et de construction les plus complexes par l\u2019emploi de technologies de construction et des comp\u00e9tences des plus modernes, d\u00e9passant ainsi le niveau d\u2019exigence auquel s\u2019attend le client. Mission La mission de la soci\u00e9t\u00e9 est d\u2019assurer un service optimum au profit de son [&hellip;]<\/p>\n","protected":false},"author":1,"featured_media":0,"parent":2419,"menu_order":0,"comment_status":"closed","ping_status":"closed","template":"","meta":{"footnotes":""},"class_list":["post-2430","page","type-page","status-publish","hentry"],"_links":{"self":[{"href":"https:\/\/enikon.com\/fr\/wp-json\/wp\/v2\/pages\/2430","targetHints":{"allow":["GET"]}}],"collection":[{"href":"https:\/\/enikon.com\/fr\/wp-json\/wp\/v2\/pages"}],"about":[{"href":"https:\/\/enikon.com\/fr\/wp-json\/wp\/v2\/types\/page"}],"author":[{"embeddable":true,"href":"https:\/\/enikon.com\/fr\/wp-json\/wp\/v2\/users\/1"}],"replies":[{"embeddable":true,"href":"https:\/\/enikon.com\/fr\/wp-json\/wp\/v2\/comments?post=2430"}],"version-history":[{"count":5,"href":"https:\/\/enikon.com\/fr\/wp-json\/wp\/v2\/pages\/2430\/revisions"}],"predecessor-version":[{"id":6640,"href":"https:\/\/enikon.com\/fr\/wp-json\/wp\/v2\/pages\/2430\/revisions\/6640"}],"up":[{"embeddable":true,"href":"https:\/\/enikon.com\/fr\/wp-json\/wp\/v2\/pages\/2419"}],"wp:attachment":[{"href":"https:\/\/enikon.com\/fr\/wp-json\/wp\/v2\/media?parent=2430"}],"curies":[{"name":"wp","href":"https:\/\/api.w.org\/{rel}","templated":true}]}}