{"id":2426,"date":"2014-06-30T07:34:01","date_gmt":"2014-06-30T07:34:01","guid":{"rendered":"https:\/\/enikon.com\/?page_id=2426"},"modified":"2022-11-22T10:06:35","modified_gmt":"2022-11-22T10:06:35","slug":"historique-et-enikon-aujourdhui","status":"publish","type":"page","link":"https:\/\/enikon.com\/fr\/qui-sommes-nous\/historique-et-enikon-aujourdhui\/","title":{"rendered":"Historique et Enikon aujourd\u2019hui"},"content":{"rendered":"<h1>Historique et Enikon aujourd\u2019hui<\/h1>\n<hr>\n<div>\n<p><strong>Enikon d.d.<\/strong> est une entreprise de construction d\u2019installations industrielles et de production \u00e9nerg\u00e9tique avec une vaste exp\u00e9rience sur les march\u00e9s nationaux et internationaux. Son si\u00e8ge se trouve \u00e0 Zagreb, Vesla\u010dka 6.<\/p>\n<\/div>\n<h1>Histoire de Enikon<\/h1>\n<ul>\n<li>\n<h3>Cr\u00e9ation<\/h3>\n<p>1950<\/p>\n<div>La soci\u00e9t\u00e9 vit le jour sous la forme d\u2019un petit atelier de r\u00e9paration de machines et \u00e9quipements et de r\u00e9parations de guerre fond\u00e9 en 1950 \u00e0 Zagreb \u00e0 l\u2019adresse Selska cesta 26.<\/div>\n<\/li>\n<li>\n<h3>Jugomonta\u017ea<\/h3>\n<p>1953<\/p>\n<div>Par fusion avec un atelier similaire de Hrvatska Dubica, la soci\u00e9t\u00e9 \u00ab\u00a0Jugomonta\u017ea\u00a0\u00bb voit le jour. Elle est une soci\u00e9t\u00e9 de construction pour l\u2019industrie chimique.<\/div>\n<\/li>\n<li>\n<h3>Juvent<\/h3>\n<p>1972<\/p>\n<div>\u00ab\u00a0Jugomonta\u017ea\u00a0\u00bb int\u00e8gre \u00ab\u00a0Ventilator\u00a0\u00bb pour devenir \u00ab\u00a0Juvent\u00a0\u00bb. <\/div>\n<\/li>\n<li>\n<h3>Monting<\/h3>\n<p>1977<\/p>\n<div>Fondation du groupe \u00ab\u00a0Monting\u00a0\u00bb qui regroupe les soci\u00e9t\u00e9s \u00ab\u00a0Juvent\u00a0\u00bb, \u00ab\u00a0Bra\u0107a Kavuri\u0107\u00a0\u00bb et \u00ab\u00a0Industromonta\u017ea\u00a0\u00bb. Apr\u00e8s restructuration, la soci\u00e9t\u00e9 prend le nom de \u00ab\u00a0Montmonta\u017ea\u00a0\u00bb et se met \u00e0 effectuer des travaux de construction complexes pour les industries de transformation et chimiques sur les march\u00e9s locaux et internationaux.<\/div>\n<\/li>\n<li>\n<h3>Enikon<\/h3>\n<p>1989<\/p>\n<div>L\u2019organisation pour la construction d\u2019entit\u00e9s chimiques ou de transformation se s\u00e9pare de \u00ab\u00a0Montmonta\u017ea\u00a0\u00bb pour travailler de fa\u00e7on ind\u00e9pendante sous le nom d\u2019 \u00ab\u00a0Enikon\u00a0\u00bb.<\/div>\n<\/li>\n<li>\n<h3>Enikon d.d.<\/h3>\n<p>1992<\/p>\n<div>La soci\u00e9t\u00e9 est compl\u00e8tement privatis\u00e9e et est d\u00e9sormais connue sous le nom d\u2019 \u00ab\u00a0Enikon d.d.\u00a0\u00bb, soci\u00e9t\u00e9 de construction d\u2019unit\u00e9s \u00e9nerg\u00e9tiques et industrielles.<\/div>\n<\/li>\n<\/ul>\n<h1>Cadeau<\/h1>\n<h1>La soci\u00e9t\u00e9 aujourd\u2019hui<\/h1>\n<div>La soci\u00e9t\u00e9 est devenue une organisation capable de faire face aux projets les plus exigeants, assurant la gestion de toutes les \u00e9tapes, de la conception \u00e0 la livraison en passant par l\u2019installation de toutes les unit\u00e9s technologiques. Elle fournit ses prestations dans les domaines de la mine, du p\u00e9trole, de l\u2019industrie pharmaceutique, agro-alimentaire, du ciment et bien d\u2019autres encore comme l\u2019industrie \u00e9nerg\u00e9tique, de partout dans le monde.<\/div>\n<h1>L\u2019objectif<\/h1>\n<div>L\u2019objectif de la soci\u00e9t\u00e9 est d\u2019assurer un essor permanent de toutes ses activit\u00e9s. Afin de r\u00e9pondre \u00e0 toutes les demandes de ses clients et de rester comp\u00e9titive, la soci\u00e9t\u00e9 reste en permanence au fait des nouveaux d\u00e9veloppements technologiques et utilise des technologies de pointe dans tous les processus li\u00e9s \u00e0 ses activit\u00e9s. Un accent particulier est d\u2019ailleurs mis sur l\u2019introduction de nouvelles technologies et la formation des ressources humaines. <\/div>\n<p><!--more--><br \/>\n<!-- {\"type\":\"layout\",\"children\":[{\"type\":\"section\",\"props\":{\"image\":\"wp-content\\\/uploads\\\/2014\\\/07\\\/page_header_bg.jpg\",\"image_position\":\"center-center\",\"image_size\":\"cover\",\"padding_remove_bottom\":false,\"style\":\"default\",\"title_breakpoint\":\"xl\",\"title_position\":\"top-left\",\"title_rotation\":\"left\",\"vertical_align\":\"middle\",\"width\":\"\"},\"children\":[{\"type\":\"row\",\"children\":[{\"type\":\"column\",\"props\":{\"image_position\":\"center-center\",\"media_overlay_gradient\":\"\",\"position_sticky_breakpoint\":\"m\"},\"children\":[{\"type\":\"fragment\",\"children\":[{\"type\":\"row\",\"props\":{\"layout\":\"2-3,1-3\",\"width\":\"default\"},\"children\":[{\"type\":\"column\",\"props\":{\"image_position\":\"center-center\",\"media_overlay_gradient\":\"\",\"position_sticky_breakpoint\":\"m\",\"width_medium\":\"2-3\"},\"children\":[{\"type\":\"breadcrumbs\",\"props\":{\"css\":\".el-element{\\n    padding-left:10px;\\n    padding-top:2px;\\n    padding-bottom:2px;\\n    padding-right:10px;\\n    display: inline-block;\\n    background-color:rgb(36, 36, 39);\\n    vertical-align:middle;\\n    margin-top:15px;\\n}\\n.el-element ul li a{\\n    color:white;\\n}\",\"show_current\":true,\"show_home\":true}}]},{\"type\":\"column\",\"props\":{\"image_position\":\"center-center\",\"media_overlay_gradient\":\"\",\"position_sticky_breakpoint\":\"m\",\"width_medium\":\"1-3\"},\"children\":[{\"type\":\"headline\",\"props\":{\"css\":\".el-element{\\n    color:white;\\n    font-weight:700;\\n}\",\"title_element\":\"h1\"},\"source\":{\"query\":{\"name\":\"pages.singlePage\"},\"props\":{\"content\":{\"filters\":{\"search\":\"\"},\"name\":\"title\"}}}}]}]}]}]}]}],\"name\":\"Breadcrumbs\"},{\"type\":\"section\",\"props\":{\"image_position\":\"center-center\",\"style\":\"default\",\"title_breakpoint\":\"xl\",\"title_position\":\"top-left\",\"title_rotation\":\"left\",\"vertical_align\":\"middle\",\"width\":\"default\"},\"children\":[{\"type\":\"row\",\"children\":[{\"type\":\"column\",\"props\":{\"image_position\":\"center-center\",\"media_overlay_gradient\":\"\",\"position_sticky_breakpoint\":\"m\"},\"children\":[{\"type\":\"headline\",\"props\":{\"content\":\"Historique et Enikon aujourd\\u2019hui\",\"title_element\":\"h1\"}},{\"type\":\"divider\",\"props\":{\"divider_element\":\"hr\"}},{\"type\":\"text\",\"props\":{\"column_breakpoint\":\"m\",\"content\":\"\n\n<p><strong>Enikon d.d.<\\\/strong> est une entreprise de construction d\\u2019installations industrielles et de production \\u00e9nerg\\u00e9tique avec une vaste exp\\u00e9rience sur les march\\u00e9s nationaux et internationaux. Son si\\u00e8ge se trouve \\u00e0 Zagreb, Vesla\\u010dka 6.<\\\/p>\",\"margin\":\"default\"}}]}]},{\"type\":\"row\",\"props\":{\"width\":\"xsmall\"},\"children\":[{\"type\":\"column\",\"props\":{\"image_position\":\"center-center\",\"media_overlay_gradient\":\"\",\"padding\":\"xsmall\",\"position_sticky_breakpoint\":\"m\",\"style\":\"muted\"},\"children\":[{\"type\":\"headline\",\"props\":{\"block_align\":\"center\",\"content\":\"Histoire de Enikon\",\"margin_remove_top\":false,\"maxwidth\":\"small\",\"text_align\":\"center\",\"title_element\":\"h1\",\"title_style\":\"h6\"}}]}]},{\"type\":\"row\",\"children\":[{\"type\":\"column\",\"props\":{\"image_position\":\"center-center\",\"media_overlay_gradient\":\"\",\"position_sticky_breakpoint\":\"m\"},\"children\":[{\"type\":\"hd-timeline\",\"props\":{\"align_default\":\"right\",\"align_large\":\"\",\"align_medium\":\"left-alternate\",\"align_small\":\"\",\"align_xlarge\":\"\",\"content_column_breakpoint\":\"m\",\"icon_width\":80,\"image_align\":\"top\",\"image_grid_breakpoint\":\"m\",\"image_grid_width\":\"1-2\",\"image_svg_color\":\"emphasis\",\"item_animation\":true,\"item_margin\":\"\",\"line_color\":\"rgba(0, 0, 0, 0.1)\",\"link_style\":\"default\",\"link_text\":\"Read more\",\"margin\":\"default\",\"margin_remove_top\":true,\"meta_align\":\"above-title\",\"meta_color\":\"secondary\",\"meta_element\":\"div\",\"meta_style\":\"text-lead\",\"panel_padding\":\"small\",\"panel_style\":\"card-default\",\"show_content\":true,\"show_image\":true,\"show_link\":true,\"show_meta\":true,\"show_title\":true,\"timeline_icon_background\":\"rgba(255, 255, 255, 1)\",\"timeline_icon_border\":\"rgba(0, 0, 0, 0.1)\",\"timeline_icon_color\":\"\",\"timeline_icon_width\":40,\"title_align\":\"top\",\"title_element\":\"h3\",\"title_grid_breakpoint\":\"m\",\"title_grid_width\":\"1-2\",\"title_hover_style\":\"reset\"},\"children\":[{\"type\":\"hd-timeline_item\",\"props\":{\"content\":\"La soci\\u00e9t\\u00e9 vit le jour sous la forme d\\u2019un petit atelier de r\\u00e9paration de machines et \\u00e9quipements et de r\\u00e9parations de guerre fond\\u00e9 en 1950 \\u00e0 Zagreb \\u00e0 l\\u2019adresse Selska cesta 26.\",\"meta\":\"1950\",\"timeline_icon\":\"\",\"title\":\"Cr\\u00e9ation\"}},{\"type\":\"hd-timeline_item\",\"props\":{\"content\":\"Par fusion avec un atelier similaire de Hrvatska Dubica, la soci\\u00e9t\\u00e9 \\\"Jugomonta\\u017ea\\\" voit le jour. Elle est une soci\\u00e9t\\u00e9 de construction pour l\\u2019industrie chimique.\",\"meta\":\"1953\",\"title\":\"Jugomonta\\u017ea\"}},{\"type\":\"hd-timeline_item\",\"props\":{\"content\":\"\\\"Jugomonta\\u017ea\\\" int\\u00e8gre \\\"Ventilator\\\" pour devenir \\\"Juvent\\\". \",\"meta\":\"1972\",\"title\":\"Juvent\"}},{\"type\":\"hd-timeline_item\",\"props\":{\"content\":\"Fondation du groupe \\\"Monting\\\" qui regroupe les soci\\u00e9t\\u00e9s \\\"Juvent\\\", \\\"Bra\\u0107a Kavuri\\u0107\\\" et \\\"Industromonta\\u017ea\\\". Apr\\u00e8s restructuration, la soci\\u00e9t\\u00e9 prend le nom de \\\"Montmonta\\u017ea\\\" et se met \\u00e0 effectuer des travaux de construction complexes pour les industries de transformation et chimiques sur les march\\u00e9s locaux et internationaux.\",\"meta\":\"1977\",\"title\":\"Monting\"}},{\"type\":\"hd-timeline_item\",\"props\":{\"content\":\"L\\u2019organisation pour la construction d\\u2019entit\\u00e9s chimiques ou de transformation se s\\u00e9pare de \\\"Montmonta\\u017ea\\\" pour travailler de fa\\u00e7on ind\\u00e9pendante sous le nom d\\u2019 \\\"Enikon\\\".\",\"meta\":\"1989\",\"title\":\"Enikon\"}},{\"type\":\"hd-timeline_item\",\"props\":{\"content\":\"La soci\\u00e9t\\u00e9 est compl\\u00e8tement privatis\\u00e9e et est d\\u00e9sormais connue sous le nom d\\u2019 \\\"Enikon d.d.\\\", soci\\u00e9t\\u00e9 de construction d\\u2019unit\\u00e9s \\u00e9nerg\\u00e9tiques et industrielles.\",\"meta\":\"1992\",\"title\":\"Enikon d.d.\"}}]}]}]},{\"type\":\"row\",\"props\":{\"width\":\"xsmall\"},\"children\":[{\"type\":\"column\",\"props\":{\"image_position\":\"center-center\",\"media_overlay_gradient\":\"\",\"padding\":\"xsmall\",\"position_sticky_breakpoint\":\"m\",\"style\":\"muted\"},\"children\":[{\"type\":\"headline\",\"props\":{\"block_align\":\"center\",\"content\":\"Cadeau\",\"margin_remove_top\":false,\"maxwidth\":\"small\",\"text_align\":\"center\",\"title_element\":\"h1\",\"title_style\":\"h6\"}}]}]}],\"name\":\"Timeline\"},{\"type\":\"section\",\"props\":{\"image_position\":\"center-center\",\"style\":\"muted\",\"title_breakpoint\":\"xl\",\"title_position\":\"top-left\",\"title_rotation\":\"left\",\"vertical_align\":\"middle\",\"width\":\"\"},\"children\":[{\"type\":\"row\",\"props\":{\"layout\":\"1-2,1-2\",\"width\":\"default\"},\"children\":[{\"type\":\"column\",\"props\":{\"image_position\":\"center-center\",\"media_overlay_gradient\":\"\",\"position_sticky_breakpoint\":\"m\",\"width_medium\":\"1-2\"},\"children\":[{\"type\":\"headline\",\"props\":{\"content\":\"La soci\\u00e9t\\u00e9 aujourd\\u2019hui\",\"title_element\":\"h1\",\"title_style\":\"h3\"}},{\"type\":\"text\",\"props\":{\"column_breakpoint\":\"m\",\"content\":\"La soci\\u00e9t\\u00e9 est devenue une organisation capable de faire face aux projets les plus exigeants, assurant la gestion de toutes les \\u00e9tapes, de la conception \\u00e0 la livraison en passant par l\\u2019installation de toutes les unit\\u00e9s technologiques. Elle fournit ses prestations dans les domaines de la mine, du p\\u00e9trole, de l\\u2019industrie pharmaceutique, agro-alimentaire, du ciment et bien d\\u2019autres encore comme l\\u2019industrie \\u00e9nerg\\u00e9tique, de partout dans le monde.\",\"margin\":\"default\"}}]},{\"type\":\"column\",\"props\":{\"image_position\":\"center-center\",\"media_overlay_gradient\":\"\",\"position_sticky_breakpoint\":\"m\",\"width_medium\":\"1-2\"},\"children\":[{\"type\":\"headline\",\"props\":{\"content\":\"L\\u2019objectif\",\"title_element\":\"h1\",\"title_style\":\"h3\"}},{\"type\":\"text\",\"props\":{\"column_breakpoint\":\"m\",\"content\":\"L\\u2019objectif de la soci\\u00e9t\\u00e9 est d\\u2019assurer un essor permanent de toutes ses activit\\u00e9s. Afin de r\\u00e9pondre \\u00e0 toutes les demandes de ses clients et de rester comp\\u00e9titive, la soci\\u00e9t\\u00e9 reste en permanence au fait des nouveaux d\\u00e9veloppements technologiques et utilise des technologies de pointe dans tous les processus li\\u00e9s \\u00e0 ses activit\\u00e9s. Un accent particulier est d\\u2019ailleurs mis sur l\\u2019introduction de nouvelles technologies et la formation des ressources humaines. \",\"margin\":\"default\"}}]}]}]}],\"version\":\"3.0.12\"} --><\/p>\n","protected":false},"excerpt":{"rendered":"<p>Historique et Enikon aujourd\u2019hui Enikon d.d. est une entreprise de construction d\u2019installations industrielles et de production \u00e9nerg\u00e9tique avec une vaste exp\u00e9rience sur les march\u00e9s nationaux et internationaux. Son si\u00e8ge se trouve \u00e0 Zagreb, Vesla\u010dka 6. Histoire de Enikon Cr\u00e9ation 1950 La soci\u00e9t\u00e9 vit le jour sous la forme d\u2019un petit atelier de r\u00e9paration de machines [&hellip;]<\/p>\n","protected":false},"author":1,"featured_media":0,"parent":2419,"menu_order":0,"comment_status":"open","ping_status":"closed","template":"","meta":{"footnotes":""},"class_list":["post-2426","page","type-page","status-publish","hentry"],"_links":{"self":[{"href":"https:\/\/enikon.com\/fr\/wp-json\/wp\/v2\/pages\/2426","targetHints":{"allow":["GET"]}}],"collection":[{"href":"https:\/\/enikon.com\/fr\/wp-json\/wp\/v2\/pages"}],"about":[{"href":"https:\/\/enikon.com\/fr\/wp-json\/wp\/v2\/types\/page"}],"author":[{"embeddable":true,"href":"https:\/\/enikon.com\/fr\/wp-json\/wp\/v2\/users\/1"}],"replies":[{"embeddable":true,"href":"https:\/\/enikon.com\/fr\/wp-json\/wp\/v2\/comments?post=2426"}],"version-history":[{"count":3,"href":"https:\/\/enikon.com\/fr\/wp-json\/wp\/v2\/pages\/2426\/revisions"}],"predecessor-version":[{"id":6530,"href":"https:\/\/enikon.com\/fr\/wp-json\/wp\/v2\/pages\/2426\/revisions\/6530"}],"up":[{"embeddable":true,"href":"https:\/\/enikon.com\/fr\/wp-json\/wp\/v2\/pages\/2419"}],"wp:attachment":[{"href":"https:\/\/enikon.com\/fr\/wp-json\/wp\/v2\/media?parent=2426"}],"curies":[{"name":"wp","href":"https:\/\/api.w.org\/{rel}","templated":true}]}}