{"id":2422,"date":"2014-06-30T07:30:38","date_gmt":"2014-06-30T07:30:38","guid":{"rendered":"https:\/\/enikon.com\/?page_id=2422"},"modified":"2022-11-22T10:01:32","modified_gmt":"2022-11-22T10:01:32","slug":"nos-activites","status":"publish","type":"page","link":"https:\/\/enikon.com\/fr\/qui-sommes-nous\/nos-activites\/","title":{"rendered":"Nos activit\u00e9s"},"content":{"rendered":"<h1>Nos activit\u00e9s<\/h1>\n<hr>\n<div>\n<p>Enikon d.d. est une entreprise enregistr\u00e9e pour les activit\u00e9s de construction de b\u00e2timents professionnels et usines pour les industries p\u00e9trochimiques et \u00e9nerg\u00e9tiques. Notre activit\u00e9 de base est l\u2019ing\u00e9nierie. Nos propres ressources de conception, production et montage d\u2019\u00e9quipements d\u2019ing\u00e9nierie nous donnent un avantage important sur le march\u00e9 des projets \u00e0 remettre \u00ab\u00a0cl\u00e9 en main\u00a0\u00bb.<\/p>\n<p>Nous menons \u00e0 bien des projets sur la terre enti\u00e8re et nous avons au cours des derni\u00e8res ann\u00e9es mis l\u2019accent sur les march\u00e9s d\u2019Afrique de l\u2019Ouest et d\u2019Afrique de l\u2019Est.<\/p>\n<\/div>\n<h1>L\u2019\u00e9tendue des services propos\u00e9s par Enikon sur le march\u00e9 est la suivante<\/h1>\n<div>\n<ul>\n<li>conception d\u00e9taill\u00e9e du projet<\/li>\n<li>devis et projet pour les constructions m\u00e9talliques, les r\u00e9servoirs et les silos<\/li>\n<li>livraison des constructions m\u00e9talliques et des \u00e9quipements d\u2019ing\u00e9nierie<\/li>\n<li>pr\u00e9fabrication de la tuyauterie<\/li>\n<li>livraison des r\u00e9cipients \u00e0 pression et des \u00e9changeurs thermiques<\/li>\n<li>montage des \u00e9quipements d\u2019ing\u00e9nierie, des emplacements de r\u00e9servoirs m\u00e9talliques, des constructions m\u00e9talliques, de la tuyauterie et des installations<\/li>\n<li>construction des b\u00e2timents selon le syst\u00e8me \u00ab\u00a0cl\u00e9 en main\u00a0\u00bb<\/li>\n<\/ul>\n<\/div>\n<h1>Pour les industries suivantes, Enikon r\u00e9alise les projets les plus complexes<\/h1>\n<div>\n<ul class=\"list-style1\">\n<li>exploitation mini\u00e8re<\/li>\n<li>centrales \u00e9lectriques et installations de chauffage<\/li>\n<li>raffineries et industrie p\u00e9trochimique<\/li>\n<li>distribution du p\u00e9trole et du gaz<\/li>\n<li>industrie pharmaceutique<\/li>\n<li>production du clinker et du ciment<\/li>\n<li>agro-alimentaire<\/li>\n<li>ponts m\u00e9talliques<\/li>\n<li>chantiers navals<\/li>\n<\/ul>\n<\/div>\n<h1>Cl\u00e9 en main<\/h1>\n<div>Pour tous les domaines d\u2019activit\u00e9s cit\u00e9s, Enikon effectue une voire plusieurs t\u00e2ches pour lesquelles il fait appel \u00e0 ses propres ressources. Sur demande du client, il peut effectuer les travaux d\u2019installation selon le syst\u00e8me \u00ab cl\u00e9 en main \u00bb, endossant la responsabilit\u00e9 et apportant les garanties pour tout le projet ou une unit\u00e9 technologique particuli\u00e8re.<\/div>\n<h1>Partenaires de confiance<\/h1>\n<div>Pour les domaines d\u2019activit\u00e9 pour lesquels Enikon ne poss\u00e8de pas de ressources propres, la soci\u00e9t\u00e9 fait appel \u00e0 des partenaires et fournisseurs permanents ou temporaires, selon les besoins du projet et les exigences de l\u2019utilisateur final.<\/div>\n<p><!--more--><br \/>\n<!-- {\"type\":\"layout\",\"children\":[{\"type\":\"section\",\"props\":{\"image\":\"wp-content\\\/uploads\\\/2014\\\/07\\\/page_header_bg.jpg\",\"image_position\":\"center-center\",\"image_size\":\"cover\",\"padding_remove_bottom\":false,\"style\":\"default\",\"title_breakpoint\":\"xl\",\"title_position\":\"top-left\",\"title_rotation\":\"left\",\"vertical_align\":\"middle\",\"width\":\"\"},\"children\":[{\"type\":\"row\",\"children\":[{\"type\":\"column\",\"props\":{\"image_position\":\"center-center\",\"media_overlay_gradient\":\"\",\"position_sticky_breakpoint\":\"m\"},\"children\":[{\"type\":\"fragment\",\"children\":[{\"type\":\"row\",\"props\":{\"layout\":\"2-3,1-3\",\"width\":\"default\"},\"children\":[{\"type\":\"column\",\"props\":{\"image_position\":\"center-center\",\"media_overlay_gradient\":\"\",\"position_sticky_breakpoint\":\"m\",\"width_medium\":\"2-3\"},\"children\":[{\"type\":\"breadcrumbs\",\"props\":{\"css\":\".el-element{\\n    padding-left:10px;\\n    padding-top:2px;\\n    padding-bottom:2px;\\n    padding-right:10px;\\n    display: inline-block;\\n    background-color:rgb(36, 36, 39);\\n    vertical-align:middle;\\n    margin-top:15px;\\n}\\n.el-element ul li a{\\n    color:white;\\n}\",\"show_current\":true,\"show_home\":true}}]},{\"type\":\"column\",\"props\":{\"image_position\":\"center-center\",\"media_overlay_gradient\":\"\",\"position_sticky_breakpoint\":\"m\",\"width_medium\":\"1-3\"},\"children\":[{\"type\":\"headline\",\"props\":{\"css\":\".el-element{\\n    color:white;\\n    font-weight:700;\\n}\",\"title_element\":\"h1\"},\"source\":{\"query\":{\"name\":\"pages.singlePage\"},\"props\":{\"content\":{\"filters\":{\"search\":\"\"},\"name\":\"title\"}}}}]}]}]}]}]}],\"name\":\"Breadcrumbs\"},{\"type\":\"section\",\"props\":{\"image_position\":\"center-center\",\"style\":\"default\",\"title_breakpoint\":\"xl\",\"title_position\":\"top-left\",\"title_rotation\":\"left\",\"vertical_align\":\"middle\",\"width\":\"default\"},\"children\":[{\"type\":\"row\",\"children\":[{\"type\":\"column\",\"props\":{\"image_position\":\"center-center\",\"media_overlay_gradient\":\"\",\"position_sticky_breakpoint\":\"m\"},\"children\":[{\"type\":\"headline\",\"props\":{\"content\":\"Nos activit\\u00e9s\",\"title_element\":\"h1\"}},{\"type\":\"divider\",\"props\":{\"divider_element\":\"hr\"}},{\"type\":\"text\",\"props\":{\"column_breakpoint\":\"m\",\"content\":\"\n\n<p>Enikon d.d. est une entreprise enregistr\\u00e9e pour les activit\\u00e9s de construction de b\\u00e2timents professionnels et usines pour les industries p\\u00e9trochimiques et \\u00e9nerg\\u00e9tiques. Notre activit\\u00e9 de base est l\\u2019ing\\u00e9nierie. Nos propres ressources de conception, production et montage d\\u2019\\u00e9quipements d\\u2019ing\\u00e9nierie nous donnent un avantage important sur le march\\u00e9 des projets \\u00e0 remettre \\u00ab\\u00a0cl\\u00e9 en main\\u00a0\\u00bb.<\\\/p>\\n\n\n<p>Nous menons \\u00e0 bien des projets sur la terre enti\\u00e8re et nous avons au cours des derni\\u00e8res ann\\u00e9es mis l\\u2019accent sur les march\\u00e9s d\\u2019Afrique de l\\u2019Ouest et d\\u2019Afrique de l\\u2019Est.<\\\/p>\",\"margin\":\"default\"}}]}]},{\"type\":\"row\",\"props\":{\"layout\":\"1-2,1-2\"},\"children\":[{\"type\":\"column\",\"props\":{\"image_position\":\"center-center\",\"media_overlay_gradient\":\"\",\"position_sticky_breakpoint\":\"m\",\"width_medium\":\"1-2\"},\"children\":[{\"type\":\"headline\",\"props\":{\"content\":\"L\\u2019\\u00e9tendue des services propos\\u00e9s par Enikon sur le march\\u00e9 est la suivante\",\"title_element\":\"h1\",\"title_style\":\"h3\"}},{\"type\":\"text\",\"props\":{\"column_breakpoint\":\"m\",\"content\":\"\n\n<ul>\\n\n\n<li>conception d\\u00e9taill\\u00e9e du projet<\\\/li>\\n\n\n<li>devis et projet pour les constructions m\\u00e9talliques, les r\\u00e9servoirs et les silos<\\\/li>\\n\n\n<li>livraison des constructions m\\u00e9talliques et des \\u00e9quipements d\\u2019ing\\u00e9nierie<\\\/li>\\n\n\n<li>pr\\u00e9fabrication de la tuyauterie<\\\/li>\\n\n\n<li>livraison des r\\u00e9cipients \\u00e0 pression et des \\u00e9changeurs thermiques<\\\/li>\\n\n\n<li>montage des \\u00e9quipements d\\u2019ing\\u00e9nierie, des emplacements de r\\u00e9servoirs m\\u00e9talliques, des constructions m\\u00e9talliques, de la tuyauterie et des installations<\\\/li>\\n\n\n<li>construction des b\\u00e2timents selon le syst\\u00e8me \\\"cl\\u00e9 en main\\\"<\\\/li>\\n<\\\/ul>\",\"margin\":\"default\"}}]},{\"type\":\"column\",\"props\":{\"image_position\":\"center-center\",\"media_overlay_gradient\":\"\",\"position_sticky_breakpoint\":\"m\",\"width_medium\":\"1-2\"},\"children\":[{\"type\":\"headline\",\"props\":{\"content\":\"Pour les industries suivantes, Enikon r\\u00e9alise les projets les plus complexes\",\"title_element\":\"h1\",\"title_style\":\"h3\"}},{\"type\":\"text\",\"props\":{\"column_breakpoint\":\"m\",\"content\":\"\n\n<ul class=\\\"list-style1\\\">\\n\n\n<li>exploitation mini\\u00e8re<\\\/li>\\n\n\n<li>centrales \\u00e9lectriques et installations de chauffage<\\\/li>\\n\n\n<li>raffineries et industrie p\\u00e9trochimique<\\\/li>\\n\n\n<li>distribution du p\\u00e9trole et du gaz<\\\/li>\\n\n\n<li>industrie pharmaceutique<\\\/li>\\n\n\n<li>production du clinker et du ciment<\\\/li>\\n\n\n<li>agro-alimentaire<\\\/li>\\n\n\n<li>ponts m\\u00e9talliques<\\\/li>\\n\n\n<li>chantiers navals<\\\/li>\\n<\\\/ul>\",\"margin\":\"default\"}}]}]}]},{\"type\":\"section\",\"props\":{\"image_position\":\"center-center\",\"style\":\"muted\",\"title_breakpoint\":\"xl\",\"title_position\":\"top-left\",\"title_rotation\":\"left\",\"vertical_align\":\"middle\",\"width\":\"default\"},\"children\":[{\"type\":\"row\",\"props\":{\"layout\":\"1-2,1-2\"},\"children\":[{\"type\":\"column\",\"props\":{\"image_position\":\"center-center\",\"media_overlay_gradient\":\"\",\"position_sticky_breakpoint\":\"m\",\"width_medium\":\"1-2\"},\"children\":[{\"type\":\"headline\",\"props\":{\"content\":\"Cl\\u00e9 en main\",\"title_element\":\"h1\",\"title_style\":\"h3\"}},{\"type\":\"text\",\"props\":{\"column_breakpoint\":\"m\",\"content\":\"Pour tous les domaines d\\u2019activit\\u00e9s cit\\u00e9s, Enikon effectue une voire plusieurs t\\u00e2ches pour lesquelles il fait appel \\u00e0 ses propres ressources. Sur demande du client, il peut effectuer les travaux d\\u2019installation selon le syst\\u00e8me \\u00ab cl\\u00e9 en main \\u00bb, endossant la responsabilit\\u00e9 et apportant les garanties pour tout le projet ou une unit\\u00e9 technologique particuli\\u00e8re.\",\"margin\":\"default\"}}]},{\"type\":\"column\",\"props\":{\"image_position\":\"center-center\",\"media_overlay_gradient\":\"\",\"position_sticky_breakpoint\":\"m\",\"width_medium\":\"1-2\"},\"children\":[{\"type\":\"headline\",\"props\":{\"content\":\"Partenaires de confiance\",\"title_element\":\"h1\",\"title_style\":\"h3\"}},{\"type\":\"text\",\"props\":{\"column_breakpoint\":\"m\",\"content\":\"Pour les domaines d\\u2019activit\\u00e9 pour lesquels Enikon ne poss\\u00e8de pas de ressources propres, la soci\\u00e9t\\u00e9 fait appel \\u00e0 des partenaires et fournisseurs permanents ou temporaires, selon les besoins du projet et les exigences de l\\u2019utilisateur final.\",\"margin\":\"default\"}}]}]}]}],\"version\":\"3.0.12\"} --><\/p>\n","protected":false},"excerpt":{"rendered":"<p>Nos activit\u00e9s Enikon d.d. est une entreprise enregistr\u00e9e pour les activit\u00e9s de construction de b\u00e2timents professionnels et usines pour les industries p\u00e9trochimiques et \u00e9nerg\u00e9tiques. Notre activit\u00e9 de base est l\u2019ing\u00e9nierie. Nos propres ressources de conception, production et montage d\u2019\u00e9quipements d\u2019ing\u00e9nierie nous donnent un avantage important sur le march\u00e9 des projets \u00e0 remettre \u00ab\u00a0cl\u00e9 en main\u00a0\u00bb. [&hellip;]<\/p>\n","protected":false},"author":1,"featured_media":0,"parent":2419,"menu_order":0,"comment_status":"closed","ping_status":"closed","template":"","meta":{"footnotes":""},"class_list":["post-2422","page","type-page","status-publish","hentry"],"_links":{"self":[{"href":"https:\/\/enikon.com\/fr\/wp-json\/wp\/v2\/pages\/2422","targetHints":{"allow":["GET"]}}],"collection":[{"href":"https:\/\/enikon.com\/fr\/wp-json\/wp\/v2\/pages"}],"about":[{"href":"https:\/\/enikon.com\/fr\/wp-json\/wp\/v2\/types\/page"}],"author":[{"embeddable":true,"href":"https:\/\/enikon.com\/fr\/wp-json\/wp\/v2\/users\/1"}],"replies":[{"embeddable":true,"href":"https:\/\/enikon.com\/fr\/wp-json\/wp\/v2\/comments?post=2422"}],"version-history":[{"count":4,"href":"https:\/\/enikon.com\/fr\/wp-json\/wp\/v2\/pages\/2422\/revisions"}],"predecessor-version":[{"id":6528,"href":"https:\/\/enikon.com\/fr\/wp-json\/wp\/v2\/pages\/2422\/revisions\/6528"}],"up":[{"embeddable":true,"href":"https:\/\/enikon.com\/fr\/wp-json\/wp\/v2\/pages\/2419"}],"wp:attachment":[{"href":"https:\/\/enikon.com\/fr\/wp-json\/wp\/v2\/media?parent=2422"}],"curies":[{"name":"wp","href":"https:\/\/api.w.org\/{rel}","templated":true}]}}