{"id":2416,"date":"2014-06-30T08:14:56","date_gmt":"2014-06-30T08:14:56","guid":{"rendered":"https:\/\/enikon.com\/?page_id=2416"},"modified":"2024-12-06T12:17:28","modified_gmt":"2024-12-06T12:17:28","slug":"contact-rapide","status":"publish","type":"page","link":"https:\/\/enikon.com\/fr\/contacts-2\/contact-rapide\/","title":{"rendered":"Contact rapide"},"content":{"rendered":"<h1>Contact rapide<\/h1>\n<hr>\n<div>\n<p><strong>Envoyez-nous un courriel en utilisant le formulaire ci-dessous:<\/strong><\/p>\n<\/div>\n<div>\n<div class=\"wpcf7 no-js\" id=\"wpcf7-f6631-o1\" lang=\"en-US\" dir=\"ltr\" data-wpcf7-id=\"6631\">\n<div class=\"screen-reader-response\"><p role=\"status\" aria-live=\"polite\" aria-atomic=\"true\"><\/p> <ul><\/ul><\/div>\n<form action=\"\/fr\/wp-json\/wp\/v2\/pages\/2416#wpcf7-f6631-o1\" method=\"post\" class=\"wpcf7-form init\" aria-label=\"Contact form\" novalidate=\"novalidate\" data-status=\"init\">\n<fieldset class=\"hidden-fields-container\"><input type=\"hidden\" name=\"_wpcf7\" value=\"6631\" \/><input type=\"hidden\" name=\"_wpcf7_version\" value=\"6.1.5\" \/><input type=\"hidden\" name=\"_wpcf7_locale\" value=\"en_US\" \/><input type=\"hidden\" name=\"_wpcf7_unit_tag\" value=\"wpcf7-f6631-o1\" \/><input type=\"hidden\" name=\"_wpcf7_container_post\" value=\"0\" \/><input type=\"hidden\" name=\"_wpcf7_posted_data_hash\" value=\"\" \/><input type=\"hidden\" name=\"_wpcf7_recaptcha_response\" value=\"\" \/>\n<\/fieldset>\n<p><label> Votre nom<br \/>\n<span class=\"wpcf7-form-control-wrap\" data-name=\"your-name\"><input size=\"40\" maxlength=\"400\" class=\"wpcf7-form-control wpcf7-text wpcf7-validates-as-required uk-input\" aria-required=\"true\" aria-invalid=\"false\" value=\"\" type=\"text\" name=\"your-name\" \/><\/span> <\/label>\n<\/p>\n<p><label> Courriel<br \/>\n<span class=\"wpcf7-form-control-wrap\" data-name=\"your-email\"><input size=\"40\" maxlength=\"400\" class=\"wpcf7-form-control wpcf7-email wpcf7-validates-as-required wpcf7-text wpcf7-validates-as-email uk-input\" aria-required=\"true\" aria-invalid=\"false\" value=\"\" type=\"email\" name=\"your-email\" \/><\/span> <\/label>\n<\/p>\n<p><label> Votre message (optional)<br \/>\n<span class=\"wpcf7-form-control-wrap\" data-name=\"your-message\"><textarea cols=\"40\" rows=\"10\" maxlength=\"2000\" class=\"wpcf7-form-control wpcf7-textarea wpcf7-validates-as-required uk-textarea\" aria-required=\"true\" aria-invalid=\"false\" name=\"your-message\"><\/textarea><\/span> <\/label>\n<\/p>\n<p><input class=\"wpcf7-form-control wpcf7-submit has-spinner uk-button uk-button-default\" type=\"submit\" value=\"Envoyer un message\" \/>\n<\/p><div class=\"wpcf7-response-output\" aria-hidden=\"true\"><\/div>\n<\/form>\n<\/div>\n<\/div>\n<div>\n<h3>Autres contacts<\/h3>\n<h2><strong>Enikon Croatie<\/strong><\/h2>\n<h4><strong>Si\u00e8ge principal<\/strong><\/h4>\n<p><b>Adresse:<\/b> Vesla\u010dka 6, 10 000 Zagreb, Hrvatska<br \/><b>T\u00e9l. 1:<\/b> +385 1 6190785<br \/><b>T\u00e9l. 2:<\/b> +385 1 6190892<br \/><b>T\u00e9l. 3:<\/b> +385 1 6191014<br \/><b>Courriel:<\/b> iva.mandek@enikon.com<br \/><b>Skype:<\/b> enikon_admin<\/p>\n<\/div>\n<p><!--more--><br \/>\n<!-- {\"type\":\"layout\",\"children\":[{\"type\":\"section\",\"props\":{\"image\":\"wp-content\\\/uploads\\\/2014\\\/07\\\/page_header_bg.jpg\",\"image_position\":\"center-center\",\"image_size\":\"cover\",\"padding_remove_bottom\":false,\"style\":\"default\",\"title_breakpoint\":\"xl\",\"title_position\":\"top-left\",\"title_rotation\":\"left\",\"vertical_align\":\"middle\",\"width\":\"\"},\"children\":[{\"type\":\"row\",\"children\":[{\"type\":\"column\",\"props\":{\"image_position\":\"center-center\",\"position_sticky_breakpoint\":\"m\"},\"children\":[{\"type\":\"fragment\",\"children\":[{\"type\":\"row\",\"props\":{\"layout\":\"2-3,1-3\",\"width\":\"default\"},\"children\":[{\"type\":\"column\",\"props\":{\"image_position\":\"center-center\",\"position_sticky_breakpoint\":\"m\",\"width_medium\":\"2-3\"},\"children\":[{\"type\":\"breadcrumbs\",\"props\":{\"css\":\".el-element{\\n    padding-left:10px;\\n    padding-top:2px;\\n    padding-bottom:2px;\\n    padding-right:10px;\\n    display: inline-block;\\n    background-color:rgb(36, 36, 39);\\n    vertical-align:middle;\\n    margin-top:15px;\\n}\\n.el-element ul li a{\\n    color:white;\\n}\",\"show_current\":true,\"show_home\":true}}]},{\"type\":\"column\",\"props\":{\"image_position\":\"center-center\",\"position_sticky_breakpoint\":\"m\",\"width_medium\":\"1-3\"},\"children\":[{\"type\":\"headline\",\"props\":{\"css\":\".el-element{\\n    color:white;\\n    font-weight:700;\\n}\",\"title_element\":\"h1\"},\"source\":{\"query\":{\"name\":\"pages.singlePage\"},\"props\":{\"content\":{\"filters\":{\"search\":\"\"},\"name\":\"title\"}}}}]}]}],\"props\":{\"margin\":\"default\"}}]}]}],\"name\":\"Breadcrumbs\"},{\"type\":\"section\",\"props\":{\"image_position\":\"center-center\",\"style\":\"default\",\"title_breakpoint\":\"xl\",\"title_position\":\"top-left\",\"title_rotation\":\"left\",\"vertical_align\":\"middle\",\"width\":\"default\"},\"children\":[{\"type\":\"row\",\"children\":[{\"type\":\"column\",\"props\":{\"image_position\":\"center-center\",\"position_sticky_breakpoint\":\"m\"},\"children\":[{\"type\":\"headline\",\"props\":{\"content\":\"Contact rapide\",\"title_element\":\"h1\"}},{\"type\":\"divider\",\"props\":{\"divider_element\":\"hr\"}}]}]},{\"type\":\"row\",\"props\":{\"layout\":\"1-2,1-2\"},\"children\":[{\"type\":\"column\",\"props\":{\"image_position\":\"center-center\",\"position_sticky_breakpoint\":\"m\",\"width_medium\":\"1-2\"},\"children\":[{\"type\":\"text\",\"props\":{\"column_breakpoint\":\"m\",\"content\":\"\n\n<p><strong>Envoyez-nous un courriel en utilisant le formulaire ci-dessous:<\\\/strong><\\\/p>\",\"margin\":\"default\"}},{\"type\":\"text\",\"props\":{\"column_breakpoint\":\"m\",\"content\":\"[contact-form-7 id=\\\"6631\\\" title=\\\"Kontakt FR\\\"]\",\"margin\":\"default\"}}]},{\"type\":\"column\",\"props\":{\"image_position\":\"center-center\",\"position_sticky_breakpoint\":\"m\",\"width_medium\":\"1-2\"},\"children\":[{\"type\":\"text\",\"props\":{\"column_breakpoint\":\"m\",\"content\":\"\n\n<h3>Autres contacts<\\\/h3>\\n\n\n<h2><strong>Enikon Croatie<\\\/strong><\\\/h2>\\n\n\n<h4><strong>Si\\u00e8ge principal<\\\/strong><\\\/h4>\\n\n\n<p><b>Adresse:<\\\/b> Vesla\\u010dka 6, 10 000 Zagreb, Hrvatska<br \\\/><b>T\\u00e9l. 1:<\\\/b> +385 1 6190785<br \\\/><b>T\\u00e9l. 2:<\\\/b> +385 1 6190892<br \\\/><b>T\\u00e9l. 3:<\\\/b> +385 1 6191014<br \\\/><b>Courriel:<\\\/b> iva.mandek@enikon.com<br \\\/><b>Skype:<\\\/b> enikon_admin<\\\/p>\",\"margin\":\"default\"}}]}]}]}],\"version\":\"4.0.7\"} --><\/p>\n","protected":false},"excerpt":{"rendered":"<p>Contact rapide Envoyez-nous un courriel en utilisant le formulaire ci-dessous: Autres contacts Enikon Croatie Si\u00e8ge principal Adresse: Vesla\u010dka 6, 10 000 Zagreb, HrvatskaT\u00e9l. 1: +385 1 6190785T\u00e9l. 2: +385 1 6190892T\u00e9l. 3: +385 1 6191014Courriel: iva.mandek@enikon.comSkype: enikon_admin<\/p>\n","protected":false},"author":1,"featured_media":0,"parent":2413,"menu_order":0,"comment_status":"closed","ping_status":"closed","template":"","meta":{"footnotes":""},"class_list":["post-2416","page","type-page","status-publish","hentry"],"_links":{"self":[{"href":"https:\/\/enikon.com\/fr\/wp-json\/wp\/v2\/pages\/2416","targetHints":{"allow":["GET"]}}],"collection":[{"href":"https:\/\/enikon.com\/fr\/wp-json\/wp\/v2\/pages"}],"about":[{"href":"https:\/\/enikon.com\/fr\/wp-json\/wp\/v2\/types\/page"}],"author":[{"embeddable":true,"href":"https:\/\/enikon.com\/fr\/wp-json\/wp\/v2\/users\/1"}],"replies":[{"embeddable":true,"href":"https:\/\/enikon.com\/fr\/wp-json\/wp\/v2\/comments?post=2416"}],"version-history":[{"count":6,"href":"https:\/\/enikon.com\/fr\/wp-json\/wp\/v2\/pages\/2416\/revisions"}],"predecessor-version":[{"id":7871,"href":"https:\/\/enikon.com\/fr\/wp-json\/wp\/v2\/pages\/2416\/revisions\/7871"}],"up":[{"embeddable":true,"href":"https:\/\/enikon.com\/fr\/wp-json\/wp\/v2\/pages\/2413"}],"wp:attachment":[{"href":"https:\/\/enikon.com\/fr\/wp-json\/wp\/v2\/media?parent=2416"}],"curies":[{"name":"wp","href":"https:\/\/api.w.org\/{rel}","templated":true}]}}