{"id":2413,"date":"2014-06-30T08:12:56","date_gmt":"2014-06-30T08:12:56","guid":{"rendered":"https:\/\/enikon.com\/?page_id=2413"},"modified":"2023-07-12T09:52:48","modified_gmt":"2023-07-12T09:52:48","slug":"contacts-2","status":"publish","type":"page","link":"https:\/\/enikon.com\/fr\/contacts-2\/","title":{"rendered":"Contacts"},"content":{"rendered":"<h1>Contacts<\/h1>\n<hr>\n<h1>ENIKON Croatie<\/h1>\n<ul>\n<li>\n<h3>ENIKON CROATIE \/\u00a0Si\u00e8ge principal<\/h3>\n<div>\n<p><strong>Adresse:<\/strong> Vesla\u010dka 6, 10 000 Zagreb, Hrvatska<br \/><strong>T\u00e9l.:<\/strong> +385 1 3845591<br \/><strong>Courriel:<\/strong> enikonzg@enikon.hr<br \/><strong>Skype:<\/strong> enikon_admin<\/p>\n<\/div>\n<\/li>\n<li>\n<h3>ENIKON BOSNIE-HERZ\u00c9GOVINE<\/h3>\n<div>\n<p><strong>ENIKON D.O.O. KAKANJ:<\/strong><br \/><strong>Adresse:<\/strong> 72240 Kakanj<br \/><strong>T\u00e9l:<\/strong> +387 32 775305<br \/><strong>Fax:<\/strong> +387 32 775305<br \/><strong>Courriel:<\/strong> enikonbh@bih.net.ba<\/p>\n<\/div>\n<\/li>\n<\/ul>\n<h1>ENIKON dans le monde<\/h1>\n<ul>\n<li>\n<h3>ENIKON C\u00d4TE D&rsquo;IVOIRE<\/h3>\n<div>\n<p>YAMOUSSOUKROU , Quartier Bouquinville<br \/>sur la route d&rsquo;oum\u00e9<br \/>BP 1904 YAMOUSSOUKROU <br \/>Ivory Coast<\/p>\n<p><strong>Courriel:<\/strong> tenin@enikon.com<br \/><strong>T\u00e9l. 1:<\/strong> +225 272 177 4479<br \/><strong>T\u00e9l. 2:<\/strong> +225 273 374 9125<\/p>\n<\/div>\n<\/li>\n<li>\n<h3>ENIKON BURKINA FASO<\/h3>\n<div>\n<p><strong>Enikon Burkina Faso SARL<\/strong><br \/>Avenue Pascal Zagre<br \/>Cite SOCOGIB Poret 841, Ouaga 2000<br \/>11 BP 1276 Ouagadougou CMS 11<br \/>Burkina Faso<\/p>\n<p><strong>Courriel:<\/strong> luka.andrijanic@enikon.com<br \/><strong>T\u00e9l. 1:<\/strong> +226 25 40 89 74<\/p>\n<\/div>\n<\/li>\n<li>\n<h3>ENIKON MALI<\/h3>\n<div>\n<p><strong>Enikon Mali SARLU<\/strong><br \/>Quatier Lafiabougou<br \/>Rond Point CAN 202<br \/>RUE 884, Porte 508<br \/>Bamako<\/p>\n<p><strong>Courriel:<\/strong> luka.andrijanic@enikon.com<br \/><strong>T\u00e9l. 1:<\/strong> +385 1 3845 591<\/p>\n<\/div>\n<\/li>\n<li>\n<h3>ENIKON S\u00c9N\u00c9GAL<\/h3>\n<div>\n<p><strong>Enikon Senegal SARL<\/strong><br \/>CONSTRUCTIONS INDUSTRIELLES &amp; MINIERES<br \/>CITE MARINE KEUR MASSAR VILLA N\u00b0194<br \/>DAKAR<\/p>\n<p><strong>Courriel:<\/strong> luka.andrijanic@enikon.com<br \/><strong>T\u00e9l. 1:<\/strong> +221 77 645 03 34<\/p>\n<\/div>\n<\/li>\n<\/ul>\n<p><!--more--><br \/>\n<!-- {\"type\":\"layout\",\"children\":[{\"type\":\"section\",\"props\":{\"image\":\"wp-content\\\/uploads\\\/2014\\\/07\\\/page_header_bg.jpg\",\"image_position\":\"center-center\",\"image_size\":\"cover\",\"padding_remove_bottom\":false,\"style\":\"default\",\"title_breakpoint\":\"xl\",\"title_position\":\"top-left\",\"title_rotation\":\"left\",\"vertical_align\":\"middle\",\"width\":\"\"},\"children\":[{\"type\":\"row\",\"children\":[{\"type\":\"column\",\"props\":{\"image_position\":\"center-center\",\"position_sticky_breakpoint\":\"m\"},\"children\":[{\"type\":\"fragment\",\"children\":[{\"type\":\"row\",\"props\":{\"layout\":\"2-3,1-3\",\"width\":\"default\"},\"children\":[{\"type\":\"column\",\"props\":{\"image_position\":\"center-center\",\"position_sticky_breakpoint\":\"m\",\"width_medium\":\"2-3\"},\"children\":[{\"type\":\"breadcrumbs\",\"props\":{\"css\":\".el-element{\\n    padding-left:10px;\\n    padding-top:2px;\\n    padding-bottom:2px;\\n    padding-right:10px;\\n    display: inline-block;\\n    background-color:rgb(36, 36, 39);\\n    vertical-align:middle;\\n    margin-top:15px;\\n}\\n.el-element ul li a{\\n    color:white;\\n}\",\"show_current\":true,\"show_home\":true}}]},{\"type\":\"column\",\"props\":{\"image_position\":\"center-center\",\"position_sticky_breakpoint\":\"m\",\"width_medium\":\"1-3\"},\"children\":[{\"type\":\"headline\",\"props\":{\"css\":\".el-element{\\n    color:white;\\n    font-weight:700;\\n}\",\"title_element\":\"h1\"},\"source\":{\"query\":{\"name\":\"pages.singlePage\"},\"props\":{\"content\":{\"filters\":{\"search\":\"\"},\"name\":\"title\"}}}}]}]}],\"props\":{\"margin\":\"default\"}}]}]}],\"name\":\"Breadcrumbs\"},{\"type\":\"section\",\"props\":{\"image_position\":\"center-center\",\"style\":\"default\",\"title_breakpoint\":\"xl\",\"title_position\":\"top-left\",\"title_rotation\":\"left\",\"vertical_align\":\"middle\",\"width\":\"default\"},\"children\":[{\"type\":\"row\",\"children\":[{\"type\":\"column\",\"props\":{\"image_position\":\"center-center\",\"position_sticky_breakpoint\":\"m\"},\"children\":[{\"type\":\"headline\",\"props\":{\"content\":\"Contacts\",\"title_element\":\"h1\"}},{\"type\":\"divider\",\"props\":{\"divider_element\":\"hr\"}}]}]},{\"type\":\"row\",\"props\":{\"layout\":\"1-2,1-2\"},\"children\":[{\"type\":\"column\",\"props\":{\"image_position\":\"center-center\",\"position_sticky_breakpoint\":\"m\",\"width_medium\":\"1-2\"},\"children\":[{\"type\":\"headline\",\"props\":{\"content\":\"ENIKON Croatie\",\"title_element\":\"h1\"}},{\"type\":\"accordion\",\"props\":{\"collapsible\":true,\"content_column_breakpoint\":\"m\",\"image_align\":\"top\",\"image_grid_breakpoint\":\"m\",\"image_grid_width\":\"1-2\",\"image_svg_color\":\"emphasis\",\"link_style\":\"default\",\"link_text\":\"Read more\",\"show_image\":true,\"show_link\":true},\"children\":[{\"type\":\"accordion_item\",\"props\":{\"content\":\"\n\n<p><strong>Adresse:<\\\/strong> Vesla\\u010dka 6, 10 000 Zagreb, Hrvatska<br \\\/><strong>T\\u00e9l.:<\\\/strong> +385 1 3845591<br \\\/><strong>Courriel:<\\\/strong> enikonzg@enikon.hr<br \\\/><strong>Skype:<\\\/strong> enikon_admin<\\\/p>\",\"title\":\"ENIKON CROATIE \\\/\\u00a0Si\\u00e8ge principal\"}},{\"type\":\"accordion_item\",\"props\":{\"content\":\"\n\n<p><strong>ENIKON D.O.O. KAKANJ:<\\\/strong><br \\\/><strong>Adresse:<\\\/strong> 72240 Kakanj<br \\\/><strong>T\\u00e9l:<\\\/strong> +387 32 775305<br \\\/><strong>Fax:<\\\/strong> +387 32 775305<br \\\/><strong>Courriel:<\\\/strong> enikonbh@bih.net.ba<\\\/p>\",\"title\":\"ENIKON BOSNIE-HERZ\\u00c9GOVINE\"}}]}]},{\"type\":\"column\",\"props\":{\"image_position\":\"center-center\",\"position_sticky_breakpoint\":\"m\",\"width_medium\":\"1-2\"},\"children\":[{\"type\":\"headline\",\"props\":{\"content\":\"ENIKON dans le monde\",\"title_element\":\"h1\"}},{\"type\":\"accordion\",\"props\":{\"collapsible\":true,\"content_column_breakpoint\":\"m\",\"image_align\":\"top\",\"image_grid_breakpoint\":\"m\",\"image_grid_width\":\"1-2\",\"image_svg_color\":\"emphasis\",\"link_style\":\"default\",\"link_text\":\"Read more\",\"show_image\":true,\"show_link\":true},\"children\":[{\"type\":\"accordion_item\",\"props\":{\"content\":\"\n\n<p>YAMOUSSOUKROU , Quartier Bouquinville<br \\\/>sur la route d'oum\\u00e9<br \\\/>BP 1904 YAMOUSSOUKROU <br \\\/>Ivory Coast<\\\/p>\\n\n\n<p><strong>Courriel:<\\\/strong> tenin@enikon.com<br \\\/><strong>T\\u00e9l. 1:<\\\/strong> +225 272 177 4479<br \\\/><strong>T\\u00e9l. 2:<\\\/strong> +225 273 374 9125<\\\/p>\",\"title\":\"ENIKON C\\u00d4TE D'IVOIRE\"}},{\"type\":\"accordion_item\",\"props\":{\"content\":\"\n\n<p><strong>Enikon Burkina Faso SARL<\\\/strong><br \\\/>Avenue Pascal Zagre<br \\\/>Cite SOCOGIB Poret 841, Ouaga 2000<br \\\/>11 BP 1276 Ouagadougou CMS 11<br \\\/>Burkina Faso<\\\/p>\\n\n\n<p><strong>Courriel:<\\\/strong> luka.andrijanic@enikon.com<br \\\/><strong>T\\u00e9l. 1:<\\\/strong> +226 25 40 89 74<\\\/p>\",\"title\":\"ENIKON BURKINA FASO\"}},{\"type\":\"accordion_item\",\"props\":{\"content\":\"\n\n<p><strong>Enikon Mali SARLU<\\\/strong><br \\\/>Quatier Lafiabougou<br \\\/>Rond Point CAN 202<br \\\/>RUE 884, Porte 508<br \\\/>Bamako<\\\/p>\\n\n\n<p><strong>Courriel:<\\\/strong> luka.andrijanic@enikon.com<br \\\/><strong>T\\u00e9l. 1:<\\\/strong> +385 1 3845 591<\\\/p>\",\"title\":\"ENIKON MALI\"}},{\"type\":\"accordion_item\",\"props\":{\"content\":\"\n\n<p><strong>Enikon Senegal SARL<\\\/strong><br \\\/>CONSTRUCTIONS INDUSTRIELLES &amp; MINIERES<br \\\/>CITE MARINE KEUR MASSAR VILLA N\\u00b0194<br \\\/>DAKAR<\\\/p>\\n\n\n<p><strong>Courriel:<\\\/strong> luka.andrijanic@enikon.com<br \\\/><strong>T\\u00e9l. 1:<\\\/strong> +221 77 645 03 34<\\\/p>\",\"title\":\"ENIKON S\\u00c9N\\u00c9GAL\"}}]}]}]}]}],\"version\":\"4.0.7\"} --><\/p>\n","protected":false},"excerpt":{"rendered":"<p>Contacts ENIKON Croatie ENIKON CROATIE \/\u00a0Si\u00e8ge principal Adresse: Vesla\u010dka 6, 10 000 Zagreb, HrvatskaT\u00e9l.: +385 1 3845591Courriel: enikonzg@enikon.hrSkype: enikon_admin ENIKON BOSNIE-HERZ\u00c9GOVINE ENIKON D.O.O. KAKANJ:Adresse: 72240 KakanjT\u00e9l: +387 32 775305Fax: +387 32 775305Courriel: enikonbh@bih.net.ba ENIKON dans le monde ENIKON C\u00d4TE D&rsquo;IVOIRE YAMOUSSOUKROU , Quartier Bouquinvillesur la route d&rsquo;oum\u00e9BP 1904 YAMOUSSOUKROU Ivory Coast Courriel: tenin@enikon.comT\u00e9l. 1: +225 [&hellip;]<\/p>\n","protected":false},"author":1,"featured_media":0,"parent":0,"menu_order":0,"comment_status":"closed","ping_status":"closed","template":"","meta":{"footnotes":""},"class_list":["post-2413","page","type-page","status-publish","hentry"],"_links":{"self":[{"href":"https:\/\/enikon.com\/fr\/wp-json\/wp\/v2\/pages\/2413","targetHints":{"allow":["GET"]}}],"collection":[{"href":"https:\/\/enikon.com\/fr\/wp-json\/wp\/v2\/pages"}],"about":[{"href":"https:\/\/enikon.com\/fr\/wp-json\/wp\/v2\/types\/page"}],"author":[{"embeddable":true,"href":"https:\/\/enikon.com\/fr\/wp-json\/wp\/v2\/users\/1"}],"replies":[{"embeddable":true,"href":"https:\/\/enikon.com\/fr\/wp-json\/wp\/v2\/comments?post=2413"}],"version-history":[{"count":11,"href":"https:\/\/enikon.com\/fr\/wp-json\/wp\/v2\/pages\/2413\/revisions"}],"predecessor-version":[{"id":7499,"href":"https:\/\/enikon.com\/fr\/wp-json\/wp\/v2\/pages\/2413\/revisions\/7499"}],"wp:attachment":[{"href":"https:\/\/enikon.com\/fr\/wp-json\/wp\/v2\/media?parent=2413"}],"curies":[{"name":"wp","href":"https:\/\/api.w.org\/{rel}","templated":true}]}}