{"id":2070,"date":"2014-06-30T07:34:01","date_gmt":"2014-06-30T07:34:01","guid":{"rendered":"https:\/\/enikon.com\/?page_id=2070"},"modified":"2022-11-29T09:40:54","modified_gmt":"2022-11-29T09:40:54","slug":"history-and-today","status":"publish","type":"page","link":"https:\/\/enikon.com\/en\/about-us\/history-and-today\/","title":{"rendered":"History and today"},"content":{"rendered":"<h1>History and today<\/h1>\n<hr>\n<div>\n<p><strong>Enikon d.d.<\/strong> is a construction company specialised for building power and industrial plants with an extensive experience on both domestic and international markets. It\u2019s headquarters are in Zagreb, Vesla\u010dka 6.<\/p>\n<\/div>\n<h1><span>Enikon History<\/span><\/h1>\n<ul>\n<li>\n<h3>Company founded<\/h3>\n<p>1950<\/p>\n<div>Enikon d.d. has grown out of a small workshop for repair of machines and equipment that was founded in 1950 in Zagreb.<\/div>\n<\/li>\n<li>\n<h3>Jugomonta\u017ea<\/h3>\n<p>1953<\/p>\n<div>By merger with another workshop pursuing similar activities in 1953, a construction company, Jugomonta\u017ea, was founded. The focus of its activities was on erecting chemical plants.<\/div>\n<\/li>\n<li>\n<h3>Juvent<\/h3>\n<p>1972<\/p>\n<div>In 1972 Jugomonta\u017ea merged with Ventilator, a company for manufacture of fans, heating equipment and silos and it continued its extended operations under the name Juvent.<\/div>\n<\/li>\n<li>\n<h3>Monting<\/h3>\n<p>1977<\/p>\n<div>In 1977 the Monting Group was created as a result of a merger of Juvent, Bra\u0107a Kavuri\u0107 and Industromonta\u017ea, the companies with a similar profile as Juvent. The Group soon underwent organizational restructuring, the result of which was the creation of Montmonta\u017ea, a construction company.<\/div>\n<\/li>\n<li>\n<h3>Enikon<\/h3>\n<p>1989<\/p>\n<div>The Organization for Erection of Processing and Chemical Plants was a division of this company that separated from Montmonta\u017ea in 1989 and started operating on its own under the company name Enikon. <\/div>\n<\/li>\n<li>\n<h3>Enikon d.d.<\/h3>\n<p>1992<\/p>\n<div>Since 1992 the company has been privately held, operating under the name Enikon d.d., company for construction of power plants and industrial plants.<\/div>\n<\/li>\n<\/ul>\n<h1>Present<\/h1>\n<h1>Company Today<\/h1>\n<div>\n<p>The company has developed into an organization capable of successfully meeting any project requirements, providing project management in all stages of a project, including design, supply and installation of complete technological units. It provides construction services in mining, oil, pharmaceutical, chemical, foodstuff, cement and other industries as well as in the energy sector worldwide.<\/p>\n<\/div>\n<h1>Company Goal<\/h1>\n<div>The company\u2019s goal is to continuously develop all of its activities. In order to meet the demands of its customers and to be competitive on the market, the Company follows technological developments and uses state-of-the-art technologies in its business processes. The Company places a particular focus on introducing new technologies and training of human resources.<\/div>\n<p><!--more--><br \/>\n<!-- {\"type\":\"layout\",\"children\":[{\"type\":\"section\",\"props\":{\"image\":\"wp-content\\\/uploads\\\/2014\\\/07\\\/page_header_bg.jpg\",\"image_position\":\"center-center\",\"image_size\":\"cover\",\"padding_remove_bottom\":false,\"style\":\"default\",\"title_breakpoint\":\"xl\",\"title_position\":\"top-left\",\"title_rotation\":\"left\",\"vertical_align\":\"middle\",\"width\":\"\"},\"children\":[{\"type\":\"row\",\"children\":[{\"type\":\"column\",\"props\":{\"image_position\":\"center-center\",\"media_overlay_gradient\":\"\",\"position_sticky_breakpoint\":\"m\"},\"children\":[{\"type\":\"fragment\",\"children\":[{\"type\":\"row\",\"props\":{\"layout\":\"2-3,1-3\",\"width\":\"default\"},\"children\":[{\"type\":\"column\",\"props\":{\"image_position\":\"center-center\",\"media_overlay_gradient\":\"\",\"position_sticky_breakpoint\":\"m\",\"width_medium\":\"2-3\"},\"children\":[{\"type\":\"breadcrumbs\",\"props\":{\"css\":\".el-element{\\n    padding-left:10px;\\n    padding-top:2px;\\n    padding-bottom:2px;\\n    padding-right:10px;\\n    display: inline-block;\\n    background-color:rgb(36, 36, 39);\\n    vertical-align:middle;\\n    margin-top:15px;\\n}\\n.el-element ul li a{\\n    color:white;\\n}\",\"show_current\":true,\"show_home\":true}}]},{\"type\":\"column\",\"props\":{\"image_position\":\"center-center\",\"media_overlay_gradient\":\"\",\"position_sticky_breakpoint\":\"m\",\"width_medium\":\"1-3\"},\"children\":[{\"type\":\"headline\",\"props\":{\"css\":\".el-element{\\n    color:white;\\n    font-weight:700;\\n}\",\"title_element\":\"h1\"},\"source\":{\"query\":{\"name\":\"pages.singlePage\"},\"props\":{\"content\":{\"filters\":{\"search\":\"\"},\"name\":\"title\"}}}}]}]}]}]}]}],\"name\":\"Breadcrumbs\"},{\"type\":\"section\",\"props\":{\"image_position\":\"center-center\",\"style\":\"default\",\"title_breakpoint\":\"xl\",\"title_position\":\"top-left\",\"title_rotation\":\"left\",\"vertical_align\":\"middle\",\"width\":\"default\"},\"children\":[{\"type\":\"row\",\"children\":[{\"type\":\"column\",\"props\":{\"image_position\":\"center-center\",\"media_overlay_gradient\":\"\",\"position_sticky_breakpoint\":\"m\"},\"children\":[{\"type\":\"headline\",\"props\":{\"content\":\"History and today\",\"title_element\":\"h1\"}},{\"type\":\"divider\",\"props\":{\"divider_element\":\"hr\"}},{\"type\":\"text\",\"props\":{\"column_breakpoint\":\"m\",\"content\":\"\n\n<p><strong>Enikon d.d.<\\\/strong> is a construction company specialised for building power and industrial plants with an extensive experience on both domestic and international markets. It\\u2019s headquarters are in Zagreb, Vesla\\u010dka 6.<\\\/p>\",\"margin\":\"default\"}}]}]},{\"type\":\"row\",\"props\":{\"width\":\"xsmall\"},\"children\":[{\"type\":\"column\",\"props\":{\"image_position\":\"center-center\",\"media_overlay_gradient\":\"\",\"padding\":\"xsmall\",\"position_sticky_breakpoint\":\"m\",\"style\":\"muted\"},\"children\":[{\"type\":\"headline\",\"props\":{\"block_align\":\"center\",\"content\":\"<span>Enikon History<\\\/span>\",\"margin_remove_top\":false,\"maxwidth\":\"small\",\"text_align\":\"center\",\"title_element\":\"h1\",\"title_style\":\"h6\"}}]}]},{\"type\":\"row\",\"children\":[{\"type\":\"column\",\"props\":{\"image_position\":\"center-center\",\"media_overlay_gradient\":\"\",\"position_sticky_breakpoint\":\"m\"},\"children\":[{\"type\":\"hd-timeline\",\"props\":{\"align_default\":\"right\",\"align_large\":\"\",\"align_medium\":\"left-alternate\",\"align_small\":\"\",\"align_xlarge\":\"\",\"content_column_breakpoint\":\"m\",\"icon_width\":80,\"image_align\":\"top\",\"image_grid_breakpoint\":\"m\",\"image_grid_width\":\"1-2\",\"image_svg_color\":\"emphasis\",\"item_animation\":true,\"item_margin\":\"\",\"line_color\":\"rgba(0, 0, 0, 0.1)\",\"link_style\":\"default\",\"link_text\":\"Read more\",\"margin\":\"default\",\"margin_remove_top\":true,\"meta_align\":\"above-title\",\"meta_color\":\"secondary\",\"meta_element\":\"div\",\"meta_style\":\"text-lead\",\"panel_padding\":\"small\",\"panel_style\":\"card-default\",\"show_content\":true,\"show_image\":true,\"show_link\":true,\"show_meta\":true,\"show_title\":true,\"timeline_icon_background\":\"rgba(255, 255, 255, 1)\",\"timeline_icon_border\":\"rgba(0, 0, 0, 0.1)\",\"timeline_icon_color\":\"\",\"timeline_icon_width\":40,\"title_align\":\"top\",\"title_element\":\"h3\",\"title_grid_breakpoint\":\"m\",\"title_grid_width\":\"1-2\",\"title_hover_style\":\"reset\"},\"children\":[{\"type\":\"hd-timeline_item\",\"props\":{\"content\":\"Enikon d.d. has grown out of a small workshop for repair of machines and equipment that was founded in 1950 in Zagreb.\",\"meta\":\"1950\",\"timeline_icon\":\"\",\"title\":\"Company founded\"}},{\"type\":\"hd-timeline_item\",\"props\":{\"content\":\"By merger with another workshop pursuing similar activities in 1953, a construction company, Jugomonta\\u017ea, was founded. The focus of its activities was on erecting chemical plants.\",\"meta\":\"1953\",\"title\":\"Jugomonta\\u017ea\"}},{\"type\":\"hd-timeline_item\",\"props\":{\"content\":\"In 1972 Jugomonta\\u017ea merged with Ventilator, a company for manufacture of fans, heating equipment and silos and it continued its extended operations under the name Juvent.\",\"meta\":\"1972\",\"title\":\"Juvent\"}},{\"type\":\"hd-timeline_item\",\"props\":{\"content\":\"In 1977 the Monting Group was created as a result of a merger of Juvent, Bra\\u0107a Kavuri\\u0107 and Industromonta\\u017ea, the companies with a similar profile as Juvent. The Group soon underwent organizational restructuring, the result of which was the creation of Montmonta\\u017ea, a construction company.\",\"meta\":\"1977\",\"title\":\"Monting\"}},{\"type\":\"hd-timeline_item\",\"props\":{\"content\":\"The Organization for Erection of Processing and Chemical Plants was a division of this company that separated from Montmonta\\u017ea in 1989 and started operating on its own under the company name Enikon. \",\"meta\":\"1989\",\"title\":\"Enikon\"}},{\"type\":\"hd-timeline_item\",\"props\":{\"content\":\"Since 1992 the company has been privately held, operating under the name Enikon d.d., company for construction of power plants and industrial plants.\",\"meta\":\"1992\",\"title\":\"Enikon d.d.\"}}]}]}]},{\"type\":\"row\",\"props\":{\"width\":\"xsmall\"},\"children\":[{\"type\":\"column\",\"props\":{\"image_position\":\"center-center\",\"media_overlay_gradient\":\"\",\"padding\":\"xsmall\",\"position_sticky_breakpoint\":\"m\",\"style\":\"muted\"},\"children\":[{\"type\":\"headline\",\"props\":{\"block_align\":\"center\",\"content\":\"Present\",\"margin_remove_top\":false,\"maxwidth\":\"small\",\"text_align\":\"center\",\"title_element\":\"h1\",\"title_style\":\"h6\"}}]}]}],\"name\":\"Timeline\"},{\"type\":\"section\",\"props\":{\"image_position\":\"center-center\",\"style\":\"muted\",\"title_breakpoint\":\"xl\",\"title_position\":\"top-left\",\"title_rotation\":\"left\",\"vertical_align\":\"middle\",\"width\":\"\"},\"children\":[{\"type\":\"row\",\"props\":{\"layout\":\"1-2,1-2\",\"width\":\"default\"},\"children\":[{\"type\":\"column\",\"props\":{\"image_position\":\"center-center\",\"media_overlay_gradient\":\"\",\"position_sticky_breakpoint\":\"m\",\"width_medium\":\"1-2\"},\"children\":[{\"type\":\"headline\",\"props\":{\"content\":\"Company Today\",\"title_element\":\"h1\",\"title_style\":\"h3\"}},{\"type\":\"text\",\"props\":{\"column_breakpoint\":\"m\",\"content\":\"\n\n<p>The company has developed into an organization capable of successfully meeting any project requirements, providing project management in all stages of a project, including design, supply and installation of complete technological units. It provides construction services in mining, oil, pharmaceutical, chemical, foodstuff, cement and other industries as well as in the energy sector worldwide.<\\\/p>\",\"margin\":\"default\"}}]},{\"type\":\"column\",\"props\":{\"image_position\":\"center-center\",\"media_overlay_gradient\":\"\",\"position_sticky_breakpoint\":\"m\",\"width_medium\":\"1-2\"},\"children\":[{\"type\":\"headline\",\"props\":{\"content\":\"Company Goal\",\"title_element\":\"h1\",\"title_style\":\"h3\"}},{\"type\":\"text\",\"props\":{\"column_breakpoint\":\"m\",\"content\":\"The company\\u2019s goal is to continuously develop all of its activities. In order to meet the demands of its customers and to be competitive on the market, the Company follows technological developments and uses state-of-the-art technologies in its business processes. The Company places a particular focus on introducing new technologies and training of human resources.\",\"margin\":\"default\"}}]}]}]}],\"version\":\"3.0.14\"} --><\/p>\n","protected":false},"excerpt":{"rendered":"<p>History and today Enikon d.d. is a construction company specialised for building power and industrial plants with an extensive experience on both domestic and international markets. It\u2019s headquarters are in Zagreb, Vesla\u010dka 6. Enikon History Company founded 1950 Enikon d.d. has grown out of a small workshop for repair of machines and equipment that was [&hellip;]<\/p>\n","protected":false},"author":1,"featured_media":0,"parent":2094,"menu_order":0,"comment_status":"open","ping_status":"closed","template":"","meta":{"footnotes":""},"class_list":["post-2070","page","type-page","status-publish","hentry"],"_links":{"self":[{"href":"https:\/\/enikon.com\/en\/wp-json\/wp\/v2\/pages\/2070","targetHints":{"allow":["GET"]}}],"collection":[{"href":"https:\/\/enikon.com\/en\/wp-json\/wp\/v2\/pages"}],"about":[{"href":"https:\/\/enikon.com\/en\/wp-json\/wp\/v2\/types\/page"}],"author":[{"embeddable":true,"href":"https:\/\/enikon.com\/en\/wp-json\/wp\/v2\/users\/1"}],"replies":[{"embeddable":true,"href":"https:\/\/enikon.com\/en\/wp-json\/wp\/v2\/comments?post=2070"}],"version-history":[{"count":8,"href":"https:\/\/enikon.com\/en\/wp-json\/wp\/v2\/pages\/2070\/revisions"}],"predecessor-version":[{"id":6635,"href":"https:\/\/enikon.com\/en\/wp-json\/wp\/v2\/pages\/2070\/revisions\/6635"}],"up":[{"embeddable":true,"href":"https:\/\/enikon.com\/en\/wp-json\/wp\/v2\/pages\/2094"}],"wp:attachment":[{"href":"https:\/\/enikon.com\/en\/wp-json\/wp\/v2\/media?parent=2070"}],"curies":[{"name":"wp","href":"https:\/\/api.w.org\/{rel}","templated":true}]}}